{"id":749,"date":"2025-06-24T00:02:11","date_gmt":"2025-06-24T00:02:11","guid":{"rendered":"https:\/\/sudesteconsorcios.dominiotestedtc.com.br\/?page_id=749"},"modified":"2025-06-24T23:08:42","modified_gmt":"2025-06-24T23:08:42","slug":"servicos","status":"publish","type":"page","link":"https:\/\/sudesteconsorcios.com.br\/?page_id=749","title":{"rendered":"Servi\u00e7os"},"content":{"rendered":"\t\t<div data-elementor-type=\"wp-page\" data-elementor-id=\"749\" class=\"elementor elementor-749\" data-elementor-post-type=\"page\">\n\t\t\t\t<div data-particle_enable=\"false\" data-particle-mobile-disabled=\"false\" class=\"elementor-element elementor-element-59309b9 e-grid e-con-boxed e-con e-parent\" data-id=\"59309b9\" data-element_type=\"container\">\n\t\t\t\t\t<div class=\"e-con-inner\">\n\t\t<div data-particle_enable=\"false\" data-particle-mobile-disabled=\"false\" class=\"elementor-element elementor-element-0b33883 e-con-full e-flex e-con e-child\" data-id=\"0b33883\" data-element_type=\"container\" data-settings=\"{&quot;animation&quot;:&quot;none&quot;,&quot;animation_delay&quot;:1000}\">\n\t\t<div data-particle_enable=\"false\" data-particle-mobile-disabled=\"false\" class=\"elementor-element elementor-element-16760be e-con-full e-flex e-con e-child\" data-id=\"16760be\" data-element_type=\"container\" data-settings=\"{&quot;background_background&quot;:&quot;classic&quot;}\">\n\t\t\t\t<\/div>\n\t\t\t\t<\/div>\n\t\t<div data-particle_enable=\"false\" data-particle-mobile-disabled=\"false\" class=\"elementor-element elementor-element-5b065fc e-con-full e-flex e-con e-child\" data-id=\"5b065fc\" data-element_type=\"container\">\n\t\t\t\t<div class=\"elementor-element elementor-element-311c079 elementor-widget__width-initial elementor-invisible elementor-widget elementor-widget-text-editor\" data-id=\"311c079\" data-element_type=\"widget\" data-settings=\"{&quot;_animation&quot;:&quot;fadeInLeft&quot;}\" data-widget_type=\"text-editor.default\">\n\t\t\t\t<div class=\"elementor-widget-container\">\n\t\t\t\t\t\t\t\t\t<p>Planeje e realize a constru\u00e7\u00e3o da sua casa do jeito que sempre sonhou.<\/p>\t\t\t\t\t\t\t\t<\/div>\n\t\t\t\t<\/div>\n\t\t\t\t<div class=\"elementor-element elementor-element-f53115b elementor-invisible elementor-widget elementor-widget-heading\" data-id=\"f53115b\" data-element_type=\"widget\" data-settings=\"{&quot;_animation_tablet&quot;:&quot;fadeInLeft&quot;,&quot;_animation&quot;:&quot;fadeInLeft&quot;,&quot;_animation_delay&quot;:1000}\" data-widget_type=\"heading.default\">\n\t\t\t\t<div class=\"elementor-widget-container\">\n\t\t\t\t\t<h2 class=\"elementor-heading-title elementor-size-default\">Constru\u00e7\u00e3o<\/h2>\t\t\t\t<\/div>\n\t\t\t\t<\/div>\n\t\t\t\t<div class=\"elementor-element elementor-element-285c605 elementor-invisible elementor-widget elementor-widget-text-editor\" data-id=\"285c605\" data-element_type=\"widget\" data-settings=\"{&quot;_animation&quot;:&quot;fadeIn&quot;,&quot;_animation_delay&quot;:1100}\" data-widget_type=\"text-editor.default\">\n\t\t\t\t<div class=\"elementor-widget-container\">\n\t\t\t\t\t\t\t\t\t<p>Com o cons\u00f3rcio para constru\u00e7\u00e3o, voc\u00ea tem acesso a cr\u00e9dito de forma programada e sem juros. Use o valor para comprar materiais, contratar m\u00e3o de obra ou at\u00e9 mesmo ampliar o seu im\u00f3vel. Tudo com parcelas acess\u00edveis e a flexibilidade que seu projeto precisa.<\/p>\t\t\t\t\t\t\t\t<\/div>\n\t\t\t\t<\/div>\n\t\t\t\t<\/div>\n\t\t\t\t\t<\/div>\n\t\t\t\t<\/div>\n\t\t<div data-particle_enable=\"false\" data-particle-mobile-disabled=\"false\" class=\"elementor-element elementor-element-2a18f0a e-grid e-con-boxed e-con e-parent\" data-id=\"2a18f0a\" data-element_type=\"container\">\n\t\t\t\t\t<div class=\"e-con-inner\">\n\t\t<div data-particle_enable=\"false\" data-particle-mobile-disabled=\"false\" class=\"elementor-element elementor-element-036b81a e-con-full e-flex e-con e-child\" data-id=\"036b81a\" data-element_type=\"container\" data-settings=\"{&quot;animation&quot;:&quot;none&quot;,&quot;animation_delay&quot;:1000}\">\n\t\t<div data-particle_enable=\"false\" data-particle-mobile-disabled=\"false\" class=\"elementor-element elementor-element-9cc258e e-con-full e-flex e-con e-child\" data-id=\"9cc258e\" data-element_type=\"container\" data-settings=\"{&quot;background_background&quot;:&quot;classic&quot;}\">\n\t\t\t\t<\/div>\n\t\t\t\t<\/div>\n\t\t<div data-particle_enable=\"false\" data-particle-mobile-disabled=\"false\" class=\"elementor-element elementor-element-b6b8142 e-con-full e-flex e-con e-child\" data-id=\"b6b8142\" data-element_type=\"container\" data-settings=\"{&quot;background_background&quot;:&quot;classic&quot;}\">\n\t\t\t\t<div class=\"elementor-element elementor-element-4537fcd elementor-widget__width-initial elementor-invisible elementor-widget elementor-widget-text-editor\" data-id=\"4537fcd\" data-element_type=\"widget\" data-settings=\"{&quot;_animation&quot;:&quot;fadeInRight&quot;}\" data-widget_type=\"text-editor.default\">\n\t\t\t\t<div class=\"elementor-widget-container\">\n\t\t\t\t\t\t\t\t\t<p>A solu\u00e7\u00e3o econ\u00f4mica para transformar o seu lar.<\/p>\t\t\t\t\t\t\t\t<\/div>\n\t\t\t\t<\/div>\n\t\t\t\t<div class=\"elementor-element elementor-element-569c222 elementor-invisible elementor-widget elementor-widget-heading\" data-id=\"569c222\" data-element_type=\"widget\" data-settings=\"{&quot;_animation_tablet&quot;:&quot;fadeInLeft&quot;,&quot;_animation&quot;:&quot;fadeInRight&quot;,&quot;_animation_delay&quot;:1000}\" data-widget_type=\"heading.default\">\n\t\t\t\t<div class=\"elementor-widget-container\">\n\t\t\t\t\t<h2 class=\"elementor-heading-title elementor-size-default\">Reforma<\/h2>\t\t\t\t<\/div>\n\t\t\t\t<\/div>\n\t\t\t\t<div class=\"elementor-element elementor-element-04f7382 elementor-invisible elementor-widget elementor-widget-text-editor\" data-id=\"04f7382\" data-element_type=\"widget\" data-settings=\"{&quot;_animation&quot;:&quot;fadeIn&quot;,&quot;_animation_delay&quot;:1100}\" data-widget_type=\"text-editor.default\">\n\t\t\t\t<div class=\"elementor-widget-container\">\n\t\t\t\t\t\t\t\t\t<p>Reformar sua casa agora ficou mais f\u00e1cil. O cons\u00f3rcio de reforma permite que voc\u00ea organize o or\u00e7amento e realize todas as melhorias que deseja, sem pagar juros. Modernize ambientes, amplie espa\u00e7os e aumente o valor do seu im\u00f3vel com planejamento e seguran\u00e7a.<\/p>\t\t\t\t\t\t\t\t<\/div>\n\t\t\t\t<\/div>\n\t\t\t\t<\/div>\n\t\t\t\t\t<\/div>\n\t\t\t\t<\/div>\n\t\t<div data-particle_enable=\"false\" data-particle-mobile-disabled=\"false\" class=\"elementor-element elementor-element-9b9f652 e-grid e-con-boxed e-con e-parent\" data-id=\"9b9f652\" data-element_type=\"container\">\n\t\t\t\t\t<div class=\"e-con-inner\">\n\t\t<div data-particle_enable=\"false\" data-particle-mobile-disabled=\"false\" class=\"elementor-element elementor-element-4b052f7 e-con-full e-flex e-con e-child\" data-id=\"4b052f7\" data-element_type=\"container\" data-settings=\"{&quot;animation&quot;:&quot;none&quot;,&quot;animation_delay&quot;:1000}\">\n\t\t<div data-particle_enable=\"false\" data-particle-mobile-disabled=\"false\" class=\"elementor-element elementor-element-3d987aa e-con-full e-flex e-con e-child\" data-id=\"3d987aa\" data-element_type=\"container\" data-settings=\"{&quot;background_background&quot;:&quot;classic&quot;}\">\n\t\t\t\t<\/div>\n\t\t\t\t<\/div>\n\t\t<div data-particle_enable=\"false\" data-particle-mobile-disabled=\"false\" class=\"elementor-element elementor-element-aacd19c e-con-full e-flex e-con e-child\" data-id=\"aacd19c\" data-element_type=\"container\">\n\t\t\t\t<div class=\"elementor-element elementor-element-7f1b8f5 elementor-widget__width-initial elementor-invisible elementor-widget elementor-widget-text-editor\" data-id=\"7f1b8f5\" data-element_type=\"widget\" data-settings=\"{&quot;_animation&quot;:&quot;fadeInLeft&quot;}\" data-widget_type=\"text-editor.default\">\n\t\t\t\t<div class=\"elementor-widget-container\">\n\t\t\t\t\t\t\t\t\t<p>Energia limpa e economia garantida.<\/p>\t\t\t\t\t\t\t\t<\/div>\n\t\t\t\t<\/div>\n\t\t\t\t<div class=\"elementor-element elementor-element-407664e elementor-invisible elementor-widget elementor-widget-heading\" data-id=\"407664e\" data-element_type=\"widget\" data-settings=\"{&quot;_animation_tablet&quot;:&quot;fadeInLeft&quot;,&quot;_animation&quot;:&quot;fadeInLeft&quot;,&quot;_animation_delay&quot;:1000}\" data-widget_type=\"heading.default\">\n\t\t\t\t<div class=\"elementor-widget-container\">\n\t\t\t\t\t<h2 class=\"elementor-heading-title elementor-size-default\">Painel Solar\n<\/h2>\t\t\t\t<\/div>\n\t\t\t\t<\/div>\n\t\t\t\t<div class=\"elementor-element elementor-element-9f7b4f4 elementor-invisible elementor-widget elementor-widget-text-editor\" data-id=\"9f7b4f4\" data-element_type=\"widget\" data-settings=\"{&quot;_animation&quot;:&quot;fadeIn&quot;,&quot;_animation_delay&quot;:1100}\" data-widget_type=\"text-editor.default\">\n\t\t\t\t<div class=\"elementor-widget-container\">\n\t\t\t\t\t\t\t\t\t<p data-start=\"843\" data-end=\"1169\">Invista em sustentabilidade com o cons\u00f3rcio para aquisi\u00e7\u00e3o de sistema de energia solar. Reduza sua conta de luz, valorize seu im\u00f3vel e fa\u00e7a sua parte pelo meio ambiente, tudo isso com parcelas que cabem no seu bolso e sem a necessidade de financiamento banc\u00e1rio.<\/p>\t\t\t\t\t\t\t\t<\/div>\n\t\t\t\t<\/div>\n\t\t\t\t<\/div>\n\t\t\t\t\t<\/div>\n\t\t\t\t<\/div>\n\t\t<div data-particle_enable=\"false\" data-particle-mobile-disabled=\"false\" class=\"elementor-element elementor-element-65d5a26 e-grid e-con-boxed e-con e-parent\" data-id=\"65d5a26\" data-element_type=\"container\">\n\t\t\t\t\t<div class=\"e-con-inner\">\n\t\t<div data-particle_enable=\"false\" data-particle-mobile-disabled=\"false\" class=\"elementor-element elementor-element-c8692c9 e-con-full e-flex e-con e-child\" data-id=\"c8692c9\" data-element_type=\"container\" data-settings=\"{&quot;animation&quot;:&quot;none&quot;,&quot;animation_delay&quot;:1000}\">\n\t\t<div data-particle_enable=\"false\" data-particle-mobile-disabled=\"false\" class=\"elementor-element elementor-element-a758cd8 e-con-full e-flex e-con e-child\" data-id=\"a758cd8\" data-element_type=\"container\" data-settings=\"{&quot;background_background&quot;:&quot;classic&quot;}\">\n\t\t\t\t<\/div>\n\t\t\t\t<\/div>\n\t\t<div data-particle_enable=\"false\" data-particle-mobile-disabled=\"false\" class=\"elementor-element elementor-element-e57819f e-con-full e-flex e-con e-child\" data-id=\"e57819f\" data-element_type=\"container\" data-settings=\"{&quot;background_background&quot;:&quot;classic&quot;}\">\n\t\t\t\t<div class=\"elementor-element elementor-element-aa29e20 elementor-widget__width-initial elementor-invisible elementor-widget elementor-widget-text-editor\" data-id=\"aa29e20\" data-element_type=\"widget\" data-settings=\"{&quot;_animation&quot;:&quot;fadeInRight&quot;}\" data-widget_type=\"text-editor.default\">\n\t\t\t\t<div class=\"elementor-widget-container\">\n\t\t\t\t\t\t\t\t\t<p>Realize seu sonho est\u00e9tico de forma planejada.<\/p>\t\t\t\t\t\t\t\t<\/div>\n\t\t\t\t<\/div>\n\t\t\t\t<div class=\"elementor-element elementor-element-7b3e423 elementor-invisible elementor-widget elementor-widget-heading\" data-id=\"7b3e423\" data-element_type=\"widget\" data-settings=\"{&quot;_animation_tablet&quot;:&quot;fadeInLeft&quot;,&quot;_animation&quot;:&quot;fadeInRight&quot;,&quot;_animation_delay&quot;:1000}\" data-widget_type=\"heading.default\">\n\t\t\t\t<div class=\"elementor-widget-container\">\n\t\t\t\t\t<h2 class=\"elementor-heading-title elementor-size-default\">Cirurgia Pl\u00e1stica<\/h2>\t\t\t\t<\/div>\n\t\t\t\t<\/div>\n\t\t\t\t<div class=\"elementor-element elementor-element-6058ed6 elementor-invisible elementor-widget elementor-widget-text-editor\" data-id=\"6058ed6\" data-element_type=\"widget\" data-settings=\"{&quot;_animation&quot;:&quot;fadeIn&quot;,&quot;_animation_delay&quot;:1100}\" data-widget_type=\"text-editor.default\">\n\t\t\t\t<div class=\"elementor-widget-container\">\n\t\t\t\t\t\t\t\t\t<p>O cons\u00f3rcio para cirurgia pl\u00e1stica permite que voc\u00ea fa\u00e7a aquele procedimento desejado com tranquilidade financeira. Seja para est\u00e9tica ou sa\u00fade, voc\u00ea pode contar com um planejamento sem juros, com parcelas acess\u00edveis e a possibilidade de antecipar a contempla\u00e7\u00e3o.<\/p>\t\t\t\t\t\t\t\t<\/div>\n\t\t\t\t<\/div>\n\t\t\t\t<\/div>\n\t\t\t\t\t<\/div>\n\t\t\t\t<\/div>\n\t\t<div data-particle_enable=\"false\" data-particle-mobile-disabled=\"false\" class=\"elementor-element elementor-element-afb3a4a e-grid e-con-boxed e-con e-parent\" data-id=\"afb3a4a\" data-element_type=\"container\">\n\t\t\t\t\t<div class=\"e-con-inner\">\n\t\t<div data-particle_enable=\"false\" data-particle-mobile-disabled=\"false\" class=\"elementor-element elementor-element-ca9ba1d e-con-full e-flex e-con e-child\" data-id=\"ca9ba1d\" data-element_type=\"container\" data-settings=\"{&quot;animation&quot;:&quot;none&quot;,&quot;animation_delay&quot;:1000}\">\n\t\t<div data-particle_enable=\"false\" data-particle-mobile-disabled=\"false\" class=\"elementor-element elementor-element-0345f6a e-con-full e-flex e-con e-child\" data-id=\"0345f6a\" data-element_type=\"container\" data-settings=\"{&quot;background_background&quot;:&quot;classic&quot;}\">\n\t\t\t\t<\/div>\n\t\t\t\t<\/div>\n\t\t<div data-particle_enable=\"false\" data-particle-mobile-disabled=\"false\" class=\"elementor-element elementor-element-23f0234 e-con-full e-flex e-con e-child\" data-id=\"23f0234\" data-element_type=\"container\">\n\t\t\t\t<div class=\"elementor-element elementor-element-e1afd90 elementor-widget__width-initial elementor-invisible elementor-widget elementor-widget-text-editor\" data-id=\"e1afd90\" data-element_type=\"widget\" data-settings=\"{&quot;_animation&quot;:&quot;fadeInLeft&quot;}\" data-widget_type=\"text-editor.default\">\n\t\t\t\t<div class=\"elementor-widget-container\">\n\t\t\t\t\t\t\t\t\t<p>Momentos inesquec\u00edveis com planejamento financeiro.<\/p>\t\t\t\t\t\t\t\t<\/div>\n\t\t\t\t<\/div>\n\t\t\t\t<div class=\"elementor-element elementor-element-65a5e89 elementor-invisible elementor-widget elementor-widget-heading\" data-id=\"65a5e89\" data-element_type=\"widget\" data-settings=\"{&quot;_animation_tablet&quot;:&quot;fadeInLeft&quot;,&quot;_animation&quot;:&quot;fadeInLeft&quot;,&quot;_animation_delay&quot;:1000}\" data-widget_type=\"heading.default\">\n\t\t\t\t<div class=\"elementor-widget-container\">\n\t\t\t\t\t<h2 class=\"elementor-heading-title elementor-size-default\">Festas e Viagens<\/h2>\t\t\t\t<\/div>\n\t\t\t\t<\/div>\n\t\t\t\t<div class=\"elementor-element elementor-element-5cccc7b elementor-invisible elementor-widget elementor-widget-text-editor\" data-id=\"5cccc7b\" data-element_type=\"widget\" data-settings=\"{&quot;_animation&quot;:&quot;fadeIn&quot;,&quot;_animation_delay&quot;:1100}\" data-widget_type=\"text-editor.default\">\n\t\t\t\t<div class=\"elementor-widget-container\">\n\t\t\t\t\t\t\t\t\t<p>Viajar ou organizar uma grande festa ficou muito mais acess\u00edvel com o cons\u00f3rcio. Programe sua pr\u00f3xima viagem dos sonhos ou a celebra\u00e7\u00e3o de um evento especial com parcelas que cabem no or\u00e7amento, sem juros e com a flexibilidade de usar o cr\u00e9dito como preferir.<\/p>\t\t\t\t\t\t\t\t<\/div>\n\t\t\t\t<\/div>\n\t\t\t\t<\/div>\n\t\t\t\t\t<\/div>\n\t\t\t\t<\/div>\n\t\t\t\t<\/div>\n\t\t","protected":false},"excerpt":{"rendered":"<p>Planeje e realize a constru\u00e7\u00e3o da sua casa do jeito que sempre sonhou. Constru\u00e7\u00e3o Com o cons\u00f3rcio para constru\u00e7\u00e3o, voc\u00ea tem acesso a cr\u00e9dito de forma programada e sem juros. Use o valor para comprar materiais, contratar m\u00e3o de obra ou at\u00e9 mesmo ampliar o seu im\u00f3vel. Tudo com parcelas acess\u00edveis e a flexibilidade que [&hellip;]<\/p>\n","protected":false},"author":1,"featured_media":770,"parent":0,"menu_order":0,"comment_status":"closed","ping_status":"closed","template":"","meta":{"_joinchat":[],"footnotes":""},"class_list":["post-749","page","type-page","status-publish","has-post-thumbnail","hentry"],"yoast_head":"<!-- This site is optimized with the Yoast SEO plugin v25.2 - https:\/\/yoast.com\/wordpress\/plugins\/seo\/ -->\n<title>Servi\u00e7os - Sudeste Cons\u00f3rcios<\/title>\n<meta name=\"robots\" content=\"index, follow, max-snippet:-1, max-image-preview:large, max-video-preview:-1\" \/>\n<link rel=\"canonical\" href=\"https:\/\/sudesteconsorcios.com.br\/?page_id=749\" \/>\n<meta property=\"og:locale\" content=\"pt_BR\" \/>\n<meta property=\"og:type\" content=\"article\" \/>\n<meta property=\"og:title\" content=\"Servi\u00e7os - Sudeste Cons\u00f3rcios\" \/>\n<meta property=\"og:description\" content=\"Planeje e realize a constru\u00e7\u00e3o da sua casa do jeito que sempre sonhou. Constru\u00e7\u00e3o Com o cons\u00f3rcio para constru\u00e7\u00e3o, voc\u00ea tem acesso a cr\u00e9dito de forma programada e sem juros. Use o valor para comprar materiais, contratar m\u00e3o de obra ou at\u00e9 mesmo ampliar o seu im\u00f3vel. Tudo com parcelas acess\u00edveis e a flexibilidade que [&hellip;]\" \/>\n<meta property=\"og:url\" content=\"https:\/\/sudesteconsorcios.com.br\/?page_id=749\" \/>\n<meta property=\"og:site_name\" content=\"Sudeste Cons\u00f3rcios\" \/>\n<meta property=\"article:modified_time\" content=\"2025-06-24T23:08:42+00:00\" \/>\n<meta property=\"og:image\" content=\"https:\/\/sudesteconsorcios.com.br\/wp-content\/uploads\/2025\/06\/Imagem-do-WhatsApp-de-2025-06-23-as-21.25.06_c939ffbd.png\" \/>\n\t<meta property=\"og:image:width\" content=\"741\" \/>\n\t<meta property=\"og:image:height\" content=\"945\" \/>\n\t<meta property=\"og:image:type\" content=\"image\/png\" \/>\n<meta name=\"twitter:card\" content=\"summary_large_image\" \/>\n<meta name=\"twitter:label1\" content=\"Est. tempo de leitura\" \/>\n\t<meta name=\"twitter:data1\" content=\"2 minutos\" \/>\n<script type=\"application\/ld+json\" class=\"yoast-schema-graph\">{\"@context\":\"https:\/\/schema.org\",\"@graph\":[{\"@type\":\"WebPage\",\"@id\":\"https:\/\/sudesteconsorcios.com.br\/?page_id=749\",\"url\":\"https:\/\/sudesteconsorcios.com.br\/?page_id=749\",\"name\":\"Servi\u00e7os - Sudeste Cons\u00f3rcios\",\"isPartOf\":{\"@id\":\"https:\/\/sudesteconsorcios.com.br\/#website\"},\"primaryImageOfPage\":{\"@id\":\"https:\/\/sudesteconsorcios.com.br\/?page_id=749#primaryimage\"},\"image\":{\"@id\":\"https:\/\/sudesteconsorcios.com.br\/?page_id=749#primaryimage\"},\"thumbnailUrl\":\"https:\/\/sudesteconsorcios.com.br\/wp-content\/uploads\/2025\/06\/Imagem-do-WhatsApp-de-2025-06-23-as-21.25.06_c939ffbd.png\",\"datePublished\":\"2025-06-24T00:02:11+00:00\",\"dateModified\":\"2025-06-24T23:08:42+00:00\",\"breadcrumb\":{\"@id\":\"https:\/\/sudesteconsorcios.com.br\/?page_id=749#breadcrumb\"},\"inLanguage\":\"pt-BR\",\"potentialAction\":[{\"@type\":\"ReadAction\",\"target\":[\"https:\/\/sudesteconsorcios.com.br\/?page_id=749\"]}]},{\"@type\":\"ImageObject\",\"inLanguage\":\"pt-BR\",\"@id\":\"https:\/\/sudesteconsorcios.com.br\/?page_id=749#primaryimage\",\"url\":\"https:\/\/sudesteconsorcios.com.br\/wp-content\/uploads\/2025\/06\/Imagem-do-WhatsApp-de-2025-06-23-as-21.25.06_c939ffbd.png\",\"contentUrl\":\"https:\/\/sudesteconsorcios.com.br\/wp-content\/uploads\/2025\/06\/Imagem-do-WhatsApp-de-2025-06-23-as-21.25.06_c939ffbd.png\",\"width\":741,\"height\":945},{\"@type\":\"BreadcrumbList\",\"@id\":\"https:\/\/sudesteconsorcios.com.br\/?page_id=749#breadcrumb\",\"itemListElement\":[{\"@type\":\"ListItem\",\"position\":1,\"name\":\"In\u00edcio\",\"item\":\"https:\/\/sudesteconsorcios.com.br\/\"},{\"@type\":\"ListItem\",\"position\":2,\"name\":\"Servi\u00e7os\"}]},{\"@type\":\"WebSite\",\"@id\":\"https:\/\/sudesteconsorcios.com.br\/#website\",\"url\":\"https:\/\/sudesteconsorcios.com.br\/\",\"name\":\"Sudeste Cons\u00f3rcios\",\"description\":\"\",\"publisher\":{\"@id\":\"https:\/\/sudesteconsorcios.com.br\/#organization\"},\"potentialAction\":[{\"@type\":\"SearchAction\",\"target\":{\"@type\":\"EntryPoint\",\"urlTemplate\":\"https:\/\/sudesteconsorcios.com.br\/?s={search_term_string}\"},\"query-input\":{\"@type\":\"PropertyValueSpecification\",\"valueRequired\":true,\"valueName\":\"search_term_string\"}}],\"inLanguage\":\"pt-BR\"},{\"@type\":\"Organization\",\"@id\":\"https:\/\/sudesteconsorcios.com.br\/#organization\",\"name\":\"Sudeste Cons\u00f3rcios\",\"url\":\"https:\/\/sudesteconsorcios.com.br\/\",\"logo\":{\"@type\":\"ImageObject\",\"inLanguage\":\"pt-BR\",\"@id\":\"https:\/\/sudesteconsorcios.com.br\/#\/schema\/logo\/image\/\",\"url\":\"https:\/\/sudesteconsorcios.com.br\/wp-content\/uploads\/2025\/06\/Logo-azul-e1750805899792.png\",\"contentUrl\":\"https:\/\/sudesteconsorcios.com.br\/wp-content\/uploads\/2025\/06\/Logo-azul-e1750805899792.png\",\"width\":1403,\"height\":727,\"caption\":\"Sudeste Cons\u00f3rcios\"},\"image\":{\"@id\":\"https:\/\/sudesteconsorcios.com.br\/#\/schema\/logo\/image\/\"}}]}<\/script>\n<!-- \/ Yoast SEO plugin. -->","yoast_head_json":{"title":"Servi\u00e7os - Sudeste Cons\u00f3rcios","robots":{"index":"index","follow":"follow","max-snippet":"max-snippet:-1","max-image-preview":"max-image-preview:large","max-video-preview":"max-video-preview:-1"},"canonical":"https:\/\/sudesteconsorcios.com.br\/?page_id=749","og_locale":"pt_BR","og_type":"article","og_title":"Servi\u00e7os - Sudeste Cons\u00f3rcios","og_description":"Planeje e realize a constru\u00e7\u00e3o da sua casa do jeito que sempre sonhou. Constru\u00e7\u00e3o Com o cons\u00f3rcio para constru\u00e7\u00e3o, voc\u00ea tem acesso a cr\u00e9dito de forma programada e sem juros. Use o valor para comprar materiais, contratar m\u00e3o de obra ou at\u00e9 mesmo ampliar o seu im\u00f3vel. Tudo com parcelas acess\u00edveis e a flexibilidade que [&hellip;]","og_url":"https:\/\/sudesteconsorcios.com.br\/?page_id=749","og_site_name":"Sudeste Cons\u00f3rcios","article_modified_time":"2025-06-24T23:08:42+00:00","og_image":[{"width":741,"height":945,"url":"https:\/\/sudesteconsorcios.com.br\/wp-content\/uploads\/2025\/06\/Imagem-do-WhatsApp-de-2025-06-23-as-21.25.06_c939ffbd.png","type":"image\/png"}],"twitter_card":"summary_large_image","twitter_misc":{"Est. tempo de leitura":"2 minutos"},"schema":{"@context":"https:\/\/schema.org","@graph":[{"@type":"WebPage","@id":"https:\/\/sudesteconsorcios.com.br\/?page_id=749","url":"https:\/\/sudesteconsorcios.com.br\/?page_id=749","name":"Servi\u00e7os - Sudeste Cons\u00f3rcios","isPartOf":{"@id":"https:\/\/sudesteconsorcios.com.br\/#website"},"primaryImageOfPage":{"@id":"https:\/\/sudesteconsorcios.com.br\/?page_id=749#primaryimage"},"image":{"@id":"https:\/\/sudesteconsorcios.com.br\/?page_id=749#primaryimage"},"thumbnailUrl":"https:\/\/sudesteconsorcios.com.br\/wp-content\/uploads\/2025\/06\/Imagem-do-WhatsApp-de-2025-06-23-as-21.25.06_c939ffbd.png","datePublished":"2025-06-24T00:02:11+00:00","dateModified":"2025-06-24T23:08:42+00:00","breadcrumb":{"@id":"https:\/\/sudesteconsorcios.com.br\/?page_id=749#breadcrumb"},"inLanguage":"pt-BR","potentialAction":[{"@type":"ReadAction","target":["https:\/\/sudesteconsorcios.com.br\/?page_id=749"]}]},{"@type":"ImageObject","inLanguage":"pt-BR","@id":"https:\/\/sudesteconsorcios.com.br\/?page_id=749#primaryimage","url":"https:\/\/sudesteconsorcios.com.br\/wp-content\/uploads\/2025\/06\/Imagem-do-WhatsApp-de-2025-06-23-as-21.25.06_c939ffbd.png","contentUrl":"https:\/\/sudesteconsorcios.com.br\/wp-content\/uploads\/2025\/06\/Imagem-do-WhatsApp-de-2025-06-23-as-21.25.06_c939ffbd.png","width":741,"height":945},{"@type":"BreadcrumbList","@id":"https:\/\/sudesteconsorcios.com.br\/?page_id=749#breadcrumb","itemListElement":[{"@type":"ListItem","position":1,"name":"In\u00edcio","item":"https:\/\/sudesteconsorcios.com.br\/"},{"@type":"ListItem","position":2,"name":"Servi\u00e7os"}]},{"@type":"WebSite","@id":"https:\/\/sudesteconsorcios.com.br\/#website","url":"https:\/\/sudesteconsorcios.com.br\/","name":"Sudeste Cons\u00f3rcios","description":"","publisher":{"@id":"https:\/\/sudesteconsorcios.com.br\/#organization"},"potentialAction":[{"@type":"SearchAction","target":{"@type":"EntryPoint","urlTemplate":"https:\/\/sudesteconsorcios.com.br\/?s={search_term_string}"},"query-input":{"@type":"PropertyValueSpecification","valueRequired":true,"valueName":"search_term_string"}}],"inLanguage":"pt-BR"},{"@type":"Organization","@id":"https:\/\/sudesteconsorcios.com.br\/#organization","name":"Sudeste Cons\u00f3rcios","url":"https:\/\/sudesteconsorcios.com.br\/","logo":{"@type":"ImageObject","inLanguage":"pt-BR","@id":"https:\/\/sudesteconsorcios.com.br\/#\/schema\/logo\/image\/","url":"https:\/\/sudesteconsorcios.com.br\/wp-content\/uploads\/2025\/06\/Logo-azul-e1750805899792.png","contentUrl":"https:\/\/sudesteconsorcios.com.br\/wp-content\/uploads\/2025\/06\/Logo-azul-e1750805899792.png","width":1403,"height":727,"caption":"Sudeste Cons\u00f3rcios"},"image":{"@id":"https:\/\/sudesteconsorcios.com.br\/#\/schema\/logo\/image\/"}}]}},"_links":{"self":[{"href":"https:\/\/sudesteconsorcios.com.br\/index.php?rest_route=\/wp\/v2\/pages\/749","targetHints":{"allow":["GET"]}}],"collection":[{"href":"https:\/\/sudesteconsorcios.com.br\/index.php?rest_route=\/wp\/v2\/pages"}],"about":[{"href":"https:\/\/sudesteconsorcios.com.br\/index.php?rest_route=\/wp\/v2\/types\/page"}],"author":[{"embeddable":true,"href":"https:\/\/sudesteconsorcios.com.br\/index.php?rest_route=\/wp\/v2\/users\/1"}],"replies":[{"embeddable":true,"href":"https:\/\/sudesteconsorcios.com.br\/index.php?rest_route=%2Fwp%2Fv2%2Fcomments&post=749"}],"version-history":[{"count":13,"href":"https:\/\/sudesteconsorcios.com.br\/index.php?rest_route=\/wp\/v2\/pages\/749\/revisions"}],"predecessor-version":[{"id":815,"href":"https:\/\/sudesteconsorcios.com.br\/index.php?rest_route=\/wp\/v2\/pages\/749\/revisions\/815"}],"wp:featuredmedia":[{"embeddable":true,"href":"https:\/\/sudesteconsorcios.com.br\/index.php?rest_route=\/wp\/v2\/media\/770"}],"wp:attachment":[{"href":"https:\/\/sudesteconsorcios.com.br\/index.php?rest_route=%2Fwp%2Fv2%2Fmedia&parent=749"}],"curies":[{"name":"wp","href":"https:\/\/api.w.org\/{rel}","templated":true}]}}