{"id":315,"date":"2025-06-11T02:28:23","date_gmt":"2025-06-11T02:28:23","guid":{"rendered":"https:\/\/sudesteconsorcios.dominiotestedtc.com.br\/?page_id=315"},"modified":"2025-06-18T22:31:07","modified_gmt":"2025-06-18T22:31:07","slug":"aeronaves-e-embarcacoes","status":"publish","type":"page","link":"https:\/\/sudesteconsorcios.com.br\/?page_id=315","title":{"rendered":"Aeronaves e embarca\u00e7\u00f5es"},"content":{"rendered":"\t\t<div data-elementor-type=\"wp-page\" data-elementor-id=\"315\" class=\"elementor elementor-315\" data-elementor-post-type=\"page\">\n\t\t\t\t<div data-particle_enable=\"false\" data-particle-mobile-disabled=\"false\" class=\"elementor-element elementor-element-59309b9 e-grid e-con-boxed e-con e-parent\" data-id=\"59309b9\" data-element_type=\"container\">\n\t\t\t\t\t<div class=\"e-con-inner\">\n\t\t<div data-particle_enable=\"false\" data-particle-mobile-disabled=\"false\" class=\"elementor-element elementor-element-0b33883 e-con-full e-flex e-con e-child\" data-id=\"0b33883\" data-element_type=\"container\" data-settings=\"{&quot;animation&quot;:&quot;none&quot;,&quot;animation_delay&quot;:1000}\">\n\t\t<div data-particle_enable=\"false\" data-particle-mobile-disabled=\"false\" class=\"elementor-element elementor-element-6359f31 e-con-full e-flex e-con e-child\" data-id=\"6359f31\" data-element_type=\"container\" data-settings=\"{&quot;background_background&quot;:&quot;classic&quot;}\">\n\t\t\t\t<\/div>\n\t\t\t\t<\/div>\n\t\t<div data-particle_enable=\"false\" data-particle-mobile-disabled=\"false\" class=\"elementor-element elementor-element-2983bf9 e-con-full e-flex e-con e-child\" data-id=\"2983bf9\" data-element_type=\"container\">\n\t\t\t\t<div class=\"elementor-element elementor-element-311c079 elementor-widget__width-initial elementor-invisible elementor-widget elementor-widget-text-editor\" data-id=\"311c079\" data-element_type=\"widget\" data-settings=\"{&quot;_animation&quot;:&quot;fadeInLeft&quot;}\" data-widget_type=\"text-editor.default\">\n\t\t\t\t<div class=\"elementor-widget-container\">\n\t\t\t\t\t\t\t\t\t<p>Liberdade sobre as \u00e1guas com planejamento.<\/p>\t\t\t\t\t\t\t\t<\/div>\n\t\t\t\t<\/div>\n\t\t\t\t<div class=\"elementor-element elementor-element-f53115b elementor-invisible elementor-widget elementor-widget-heading\" data-id=\"f53115b\" data-element_type=\"widget\" data-settings=\"{&quot;_animation_tablet&quot;:&quot;fadeInLeft&quot;,&quot;_animation&quot;:&quot;fadeInLeft&quot;,&quot;_animation_delay&quot;:1000}\" data-widget_type=\"heading.default\">\n\t\t\t\t<div class=\"elementor-widget-container\">\n\t\t\t\t\t<h2 class=\"elementor-heading-title elementor-size-default\">Embarca\u00e7\u00f5es: Lanchas, Jet Skis, Barcos e Iates<\/h2>\t\t\t\t<\/div>\n\t\t\t\t<\/div>\n\t\t\t\t<div class=\"elementor-element elementor-element-285c605 elementor-invisible elementor-widget elementor-widget-text-editor\" data-id=\"285c605\" data-element_type=\"widget\" data-settings=\"{&quot;_animation&quot;:&quot;fadeIn&quot;,&quot;_animation_delay&quot;:1100}\" data-widget_type=\"text-editor.default\">\n\t\t\t\t<div class=\"elementor-widget-container\">\n\t\t\t\t\t\t\t\t\t<p>O cons\u00f3rcio \u00e9 a forma mais inteligente de conquistar sua embarca\u00e7\u00e3o \u2014 seja uma lancha, jet ski, barco de pesca ou at\u00e9 um iate.<br data-start=\"458\" data-end=\"461\" \/>Com parcelas acess\u00edveis, sem juros e com flexibilidade para definir o valor da carta de cr\u00e9dito, voc\u00ea transforma o sonho n\u00e1utico em realidade, sem comprometer sua sa\u00fade financeira.<\/p>\t\t\t\t\t\t\t\t<\/div>\n\t\t\t\t<\/div>\n\t\t\t\t<\/div>\n\t\t\t\t\t<\/div>\n\t\t\t\t<\/div>\n\t\t<div data-particle_enable=\"false\" data-particle-mobile-disabled=\"false\" class=\"elementor-element elementor-element-2a18f0a e-grid e-con-boxed e-con e-parent\" data-id=\"2a18f0a\" data-element_type=\"container\">\n\t\t\t\t\t<div class=\"e-con-inner\">\n\t\t<div data-particle_enable=\"false\" data-particle-mobile-disabled=\"false\" class=\"elementor-element elementor-element-036b81a e-con-full e-flex e-con e-child\" data-id=\"036b81a\" data-element_type=\"container\" data-settings=\"{&quot;animation&quot;:&quot;none&quot;,&quot;animation_delay&quot;:1000}\">\n\t\t<div data-particle_enable=\"false\" data-particle-mobile-disabled=\"false\" class=\"elementor-element elementor-element-0c5e948 e-con-full e-flex e-con e-child\" data-id=\"0c5e948\" data-element_type=\"container\" data-settings=\"{&quot;background_background&quot;:&quot;classic&quot;}\">\n\t\t\t\t<\/div>\n\t\t\t\t<\/div>\n\t\t<div data-particle_enable=\"false\" data-particle-mobile-disabled=\"false\" class=\"elementor-element elementor-element-b6b8142 e-con-full e-flex e-con e-child\" data-id=\"b6b8142\" data-element_type=\"container\" data-settings=\"{&quot;background_background&quot;:&quot;classic&quot;}\">\n\t\t\t\t<div class=\"elementor-element elementor-element-4537fcd elementor-widget__width-initial elementor-invisible elementor-widget elementor-widget-text-editor\" data-id=\"4537fcd\" data-element_type=\"widget\" data-settings=\"{&quot;_animation&quot;:&quot;fadeInRight&quot;}\" data-widget_type=\"text-editor.default\">\n\t\t\t\t<div class=\"elementor-widget-container\">\n\t\t\t\t\t\t\t\t\t<p>Altos voos exigem vis\u00e3o e planejamento.<\/p>\t\t\t\t\t\t\t\t<\/div>\n\t\t\t\t<\/div>\n\t\t\t\t<div class=\"elementor-element elementor-element-569c222 elementor-invisible elementor-widget elementor-widget-heading\" data-id=\"569c222\" data-element_type=\"widget\" data-settings=\"{&quot;_animation_tablet&quot;:&quot;fadeInLeft&quot;,&quot;_animation&quot;:&quot;fadeInRight&quot;,&quot;_animation_delay&quot;:1000}\" data-widget_type=\"heading.default\">\n\t\t\t\t<div class=\"elementor-widget-container\">\n\t\t\t\t\t<h2 class=\"elementor-heading-title elementor-size-default\"> Aeronaves: Helic\u00f3pteros e Avi\u00f5es<\/h2>\t\t\t\t<\/div>\n\t\t\t\t<\/div>\n\t\t\t\t<div class=\"elementor-element elementor-element-04f7382 elementor-invisible elementor-widget elementor-widget-text-editor\" data-id=\"04f7382\" data-element_type=\"widget\" data-settings=\"{&quot;_animation&quot;:&quot;fadeIn&quot;,&quot;_animation_delay&quot;:1100}\" data-widget_type=\"text-editor.default\">\n\t\t\t\t<div class=\"elementor-widget-container\">\n\t\t\t\t\t\t\t\t\t<p>Adquirir um helic\u00f3ptero ou avi\u00e3o particular exige mais do que recursos: exige intelig\u00eancia financeira. O cons\u00f3rcio para aeronaves oferece uma forma segura, econ\u00f4mica e sem juros para quem deseja mobilidade a\u00e9rea, seja para uso pessoal, corporativo ou agropecu\u00e1rio.<\/p>\t\t\t\t\t\t\t\t<\/div>\n\t\t\t\t<\/div>\n\t\t\t\t<\/div>\n\t\t\t\t\t<\/div>\n\t\t\t\t<\/div>\n\t\t\t\t<\/div>\n\t\t","protected":false},"excerpt":{"rendered":"<p>Liberdade sobre as \u00e1guas com planejamento. Embarca\u00e7\u00f5es: Lanchas, Jet Skis, Barcos e Iates O cons\u00f3rcio \u00e9 a forma mais inteligente de conquistar sua embarca\u00e7\u00e3o \u2014 seja uma lancha, jet ski, barco de pesca ou at\u00e9 um iate.Com parcelas acess\u00edveis, sem juros e com flexibilidade para definir o valor da carta de cr\u00e9dito, voc\u00ea transforma o [&hellip;]<\/p>\n","protected":false},"author":1,"featured_media":551,"parent":0,"menu_order":0,"comment_status":"closed","ping_status":"closed","template":"","meta":{"_joinchat":[],"footnotes":""},"class_list":["post-315","page","type-page","status-publish","has-post-thumbnail","hentry"],"yoast_head":"<!-- This site is optimized with the Yoast SEO plugin v25.2 - https:\/\/yoast.com\/wordpress\/plugins\/seo\/ -->\n<title>Aeronaves e embarca\u00e7\u00f5es - Sudeste Cons\u00f3rcios<\/title>\n<meta name=\"robots\" content=\"index, follow, max-snippet:-1, max-image-preview:large, max-video-preview:-1\" \/>\n<link rel=\"canonical\" href=\"https:\/\/sudesteconsorcios.com.br\/?page_id=315\" \/>\n<meta property=\"og:locale\" content=\"pt_BR\" \/>\n<meta property=\"og:type\" content=\"article\" \/>\n<meta property=\"og:title\" content=\"Aeronaves e embarca\u00e7\u00f5es - Sudeste Cons\u00f3rcios\" \/>\n<meta property=\"og:description\" content=\"Liberdade sobre as \u00e1guas com planejamento. Embarca\u00e7\u00f5es: Lanchas, Jet Skis, Barcos e Iates O cons\u00f3rcio \u00e9 a forma mais inteligente de conquistar sua embarca\u00e7\u00e3o \u2014 seja uma lancha, jet ski, barco de pesca ou at\u00e9 um iate.Com parcelas acess\u00edveis, sem juros e com flexibilidade para definir o valor da carta de cr\u00e9dito, voc\u00ea transforma o [&hellip;]\" \/>\n<meta property=\"og:url\" content=\"https:\/\/sudesteconsorcios.com.br\/?page_id=315\" \/>\n<meta property=\"og:site_name\" content=\"Sudeste Cons\u00f3rcios\" \/>\n<meta property=\"article:modified_time\" content=\"2025-06-18T22:31:07+00:00\" \/>\n<meta property=\"og:image\" content=\"https:\/\/sudesteconsorcios.com.br\/wp-content\/uploads\/2025\/06\/IMG_4122b-scaled-e1750101002907.png\" \/>\n\t<meta property=\"og:image:width\" content=\"2496\" \/>\n\t<meta property=\"og:image:height\" content=\"1088\" \/>\n\t<meta property=\"og:image:type\" content=\"image\/png\" \/>\n<meta name=\"twitter:card\" content=\"summary_large_image\" \/>\n<meta name=\"twitter:label1\" content=\"Est. tempo de leitura\" \/>\n\t<meta name=\"twitter:data1\" content=\"1 minuto\" \/>\n<script type=\"application\/ld+json\" class=\"yoast-schema-graph\">{\"@context\":\"https:\/\/schema.org\",\"@graph\":[{\"@type\":\"WebPage\",\"@id\":\"https:\/\/sudesteconsorcios.com.br\/?page_id=315\",\"url\":\"https:\/\/sudesteconsorcios.com.br\/?page_id=315\",\"name\":\"Aeronaves e embarca\u00e7\u00f5es - Sudeste Cons\u00f3rcios\",\"isPartOf\":{\"@id\":\"https:\/\/sudesteconsorcios.com.br\/#website\"},\"primaryImageOfPage\":{\"@id\":\"https:\/\/sudesteconsorcios.com.br\/?page_id=315#primaryimage\"},\"image\":{\"@id\":\"https:\/\/sudesteconsorcios.com.br\/?page_id=315#primaryimage\"},\"thumbnailUrl\":\"https:\/\/sudesteconsorcios.com.br\/wp-content\/uploads\/2025\/06\/IMG_4122b-scaled-e1750101002907.png\",\"datePublished\":\"2025-06-11T02:28:23+00:00\",\"dateModified\":\"2025-06-18T22:31:07+00:00\",\"breadcrumb\":{\"@id\":\"https:\/\/sudesteconsorcios.com.br\/?page_id=315#breadcrumb\"},\"inLanguage\":\"pt-BR\",\"potentialAction\":[{\"@type\":\"ReadAction\",\"target\":[\"https:\/\/sudesteconsorcios.com.br\/?page_id=315\"]}]},{\"@type\":\"ImageObject\",\"inLanguage\":\"pt-BR\",\"@id\":\"https:\/\/sudesteconsorcios.com.br\/?page_id=315#primaryimage\",\"url\":\"https:\/\/sudesteconsorcios.com.br\/wp-content\/uploads\/2025\/06\/IMG_4122b-scaled-e1750101002907.png\",\"contentUrl\":\"https:\/\/sudesteconsorcios.com.br\/wp-content\/uploads\/2025\/06\/IMG_4122b-scaled-e1750101002907.png\",\"width\":2496,\"height\":1088},{\"@type\":\"BreadcrumbList\",\"@id\":\"https:\/\/sudesteconsorcios.com.br\/?page_id=315#breadcrumb\",\"itemListElement\":[{\"@type\":\"ListItem\",\"position\":1,\"name\":\"In\u00edcio\",\"item\":\"https:\/\/sudesteconsorcios.com.br\/\"},{\"@type\":\"ListItem\",\"position\":2,\"name\":\"Aeronaves e embarca\u00e7\u00f5es\"}]},{\"@type\":\"WebSite\",\"@id\":\"https:\/\/sudesteconsorcios.com.br\/#website\",\"url\":\"https:\/\/sudesteconsorcios.com.br\/\",\"name\":\"Sudeste Cons\u00f3rcios\",\"description\":\"\",\"publisher\":{\"@id\":\"https:\/\/sudesteconsorcios.com.br\/#organization\"},\"potentialAction\":[{\"@type\":\"SearchAction\",\"target\":{\"@type\":\"EntryPoint\",\"urlTemplate\":\"https:\/\/sudesteconsorcios.com.br\/?s={search_term_string}\"},\"query-input\":{\"@type\":\"PropertyValueSpecification\",\"valueRequired\":true,\"valueName\":\"search_term_string\"}}],\"inLanguage\":\"pt-BR\"},{\"@type\":\"Organization\",\"@id\":\"https:\/\/sudesteconsorcios.com.br\/#organization\",\"name\":\"Sudeste Cons\u00f3rcios\",\"url\":\"https:\/\/sudesteconsorcios.com.br\/\",\"logo\":{\"@type\":\"ImageObject\",\"inLanguage\":\"pt-BR\",\"@id\":\"https:\/\/sudesteconsorcios.com.br\/#\/schema\/logo\/image\/\",\"url\":\"https:\/\/sudesteconsorcios.com.br\/wp-content\/uploads\/2025\/06\/Logo-azul-e1750805899792.png\",\"contentUrl\":\"https:\/\/sudesteconsorcios.com.br\/wp-content\/uploads\/2025\/06\/Logo-azul-e1750805899792.png\",\"width\":1403,\"height\":727,\"caption\":\"Sudeste Cons\u00f3rcios\"},\"image\":{\"@id\":\"https:\/\/sudesteconsorcios.com.br\/#\/schema\/logo\/image\/\"}}]}<\/script>\n<!-- \/ Yoast SEO plugin. -->","yoast_head_json":{"title":"Aeronaves e embarca\u00e7\u00f5es - Sudeste Cons\u00f3rcios","robots":{"index":"index","follow":"follow","max-snippet":"max-snippet:-1","max-image-preview":"max-image-preview:large","max-video-preview":"max-video-preview:-1"},"canonical":"https:\/\/sudesteconsorcios.com.br\/?page_id=315","og_locale":"pt_BR","og_type":"article","og_title":"Aeronaves e embarca\u00e7\u00f5es - Sudeste Cons\u00f3rcios","og_description":"Liberdade sobre as \u00e1guas com planejamento. Embarca\u00e7\u00f5es: Lanchas, Jet Skis, Barcos e Iates O cons\u00f3rcio \u00e9 a forma mais inteligente de conquistar sua embarca\u00e7\u00e3o \u2014 seja uma lancha, jet ski, barco de pesca ou at\u00e9 um iate.Com parcelas acess\u00edveis, sem juros e com flexibilidade para definir o valor da carta de cr\u00e9dito, voc\u00ea transforma o [&hellip;]","og_url":"https:\/\/sudesteconsorcios.com.br\/?page_id=315","og_site_name":"Sudeste Cons\u00f3rcios","article_modified_time":"2025-06-18T22:31:07+00:00","og_image":[{"width":2496,"height":1088,"url":"https:\/\/sudesteconsorcios.com.br\/wp-content\/uploads\/2025\/06\/IMG_4122b-scaled-e1750101002907.png","type":"image\/png"}],"twitter_card":"summary_large_image","twitter_misc":{"Est. tempo de leitura":"1 minuto"},"schema":{"@context":"https:\/\/schema.org","@graph":[{"@type":"WebPage","@id":"https:\/\/sudesteconsorcios.com.br\/?page_id=315","url":"https:\/\/sudesteconsorcios.com.br\/?page_id=315","name":"Aeronaves e embarca\u00e7\u00f5es - Sudeste Cons\u00f3rcios","isPartOf":{"@id":"https:\/\/sudesteconsorcios.com.br\/#website"},"primaryImageOfPage":{"@id":"https:\/\/sudesteconsorcios.com.br\/?page_id=315#primaryimage"},"image":{"@id":"https:\/\/sudesteconsorcios.com.br\/?page_id=315#primaryimage"},"thumbnailUrl":"https:\/\/sudesteconsorcios.com.br\/wp-content\/uploads\/2025\/06\/IMG_4122b-scaled-e1750101002907.png","datePublished":"2025-06-11T02:28:23+00:00","dateModified":"2025-06-18T22:31:07+00:00","breadcrumb":{"@id":"https:\/\/sudesteconsorcios.com.br\/?page_id=315#breadcrumb"},"inLanguage":"pt-BR","potentialAction":[{"@type":"ReadAction","target":["https:\/\/sudesteconsorcios.com.br\/?page_id=315"]}]},{"@type":"ImageObject","inLanguage":"pt-BR","@id":"https:\/\/sudesteconsorcios.com.br\/?page_id=315#primaryimage","url":"https:\/\/sudesteconsorcios.com.br\/wp-content\/uploads\/2025\/06\/IMG_4122b-scaled-e1750101002907.png","contentUrl":"https:\/\/sudesteconsorcios.com.br\/wp-content\/uploads\/2025\/06\/IMG_4122b-scaled-e1750101002907.png","width":2496,"height":1088},{"@type":"BreadcrumbList","@id":"https:\/\/sudesteconsorcios.com.br\/?page_id=315#breadcrumb","itemListElement":[{"@type":"ListItem","position":1,"name":"In\u00edcio","item":"https:\/\/sudesteconsorcios.com.br\/"},{"@type":"ListItem","position":2,"name":"Aeronaves e embarca\u00e7\u00f5es"}]},{"@type":"WebSite","@id":"https:\/\/sudesteconsorcios.com.br\/#website","url":"https:\/\/sudesteconsorcios.com.br\/","name":"Sudeste Cons\u00f3rcios","description":"","publisher":{"@id":"https:\/\/sudesteconsorcios.com.br\/#organization"},"potentialAction":[{"@type":"SearchAction","target":{"@type":"EntryPoint","urlTemplate":"https:\/\/sudesteconsorcios.com.br\/?s={search_term_string}"},"query-input":{"@type":"PropertyValueSpecification","valueRequired":true,"valueName":"search_term_string"}}],"inLanguage":"pt-BR"},{"@type":"Organization","@id":"https:\/\/sudesteconsorcios.com.br\/#organization","name":"Sudeste Cons\u00f3rcios","url":"https:\/\/sudesteconsorcios.com.br\/","logo":{"@type":"ImageObject","inLanguage":"pt-BR","@id":"https:\/\/sudesteconsorcios.com.br\/#\/schema\/logo\/image\/","url":"https:\/\/sudesteconsorcios.com.br\/wp-content\/uploads\/2025\/06\/Logo-azul-e1750805899792.png","contentUrl":"https:\/\/sudesteconsorcios.com.br\/wp-content\/uploads\/2025\/06\/Logo-azul-e1750805899792.png","width":1403,"height":727,"caption":"Sudeste Cons\u00f3rcios"},"image":{"@id":"https:\/\/sudesteconsorcios.com.br\/#\/schema\/logo\/image\/"}}]}},"_links":{"self":[{"href":"https:\/\/sudesteconsorcios.com.br\/index.php?rest_route=\/wp\/v2\/pages\/315","targetHints":{"allow":["GET"]}}],"collection":[{"href":"https:\/\/sudesteconsorcios.com.br\/index.php?rest_route=\/wp\/v2\/pages"}],"about":[{"href":"https:\/\/sudesteconsorcios.com.br\/index.php?rest_route=\/wp\/v2\/types\/page"}],"author":[{"embeddable":true,"href":"https:\/\/sudesteconsorcios.com.br\/index.php?rest_route=\/wp\/v2\/users\/1"}],"replies":[{"embeddable":true,"href":"https:\/\/sudesteconsorcios.com.br\/index.php?rest_route=%2Fwp%2Fv2%2Fcomments&post=315"}],"version-history":[{"count":16,"href":"https:\/\/sudesteconsorcios.com.br\/index.php?rest_route=\/wp\/v2\/pages\/315\/revisions"}],"predecessor-version":[{"id":743,"href":"https:\/\/sudesteconsorcios.com.br\/index.php?rest_route=\/wp\/v2\/pages\/315\/revisions\/743"}],"wp:featuredmedia":[{"embeddable":true,"href":"https:\/\/sudesteconsorcios.com.br\/index.php?rest_route=\/wp\/v2\/media\/551"}],"wp:attachment":[{"href":"https:\/\/sudesteconsorcios.com.br\/index.php?rest_route=%2Fwp%2Fv2%2Fmedia&parent=315"}],"curies":[{"name":"wp","href":"https:\/\/api.w.org\/{rel}","templated":true}]}}