{"id":311,"date":"2025-06-11T02:26:55","date_gmt":"2025-06-11T02:26:55","guid":{"rendered":"https:\/\/sudesteconsorcios.dominiotestedtc.com.br\/?page_id=311"},"modified":"2025-06-18T22:24:21","modified_gmt":"2025-06-18T22:24:21","slug":"veiculos-pesados-e-extra-pesados","status":"publish","type":"page","link":"https:\/\/sudesteconsorcios.com.br\/?page_id=311","title":{"rendered":"Ve\u00edculos pesados e Extra pesados"},"content":{"rendered":"\t\t<div data-elementor-type=\"wp-page\" data-elementor-id=\"311\" class=\"elementor elementor-311\" data-elementor-post-type=\"page\">\n\t\t\t\t<div data-particle_enable=\"false\" data-particle-mobile-disabled=\"false\" class=\"elementor-element elementor-element-59309b9 e-grid e-con-boxed e-con e-parent\" data-id=\"59309b9\" data-element_type=\"container\">\n\t\t\t\t\t<div class=\"e-con-inner\">\n\t\t<div data-particle_enable=\"false\" data-particle-mobile-disabled=\"false\" class=\"elementor-element elementor-element-0b33883 e-con-full e-flex e-con e-child\" data-id=\"0b33883\" data-element_type=\"container\" data-settings=\"{&quot;animation&quot;:&quot;none&quot;,&quot;animation_delay&quot;:1000}\">\n\t\t<div data-particle_enable=\"false\" data-particle-mobile-disabled=\"false\" class=\"elementor-element elementor-element-f65e15e e-con-full e-flex e-con e-child\" data-id=\"f65e15e\" data-element_type=\"container\" data-settings=\"{&quot;background_background&quot;:&quot;classic&quot;}\">\n\t\t\t\t<\/div>\n\t\t\t\t<\/div>\n\t\t<div data-particle_enable=\"false\" data-particle-mobile-disabled=\"false\" class=\"elementor-element elementor-element-28070c7 e-con-full e-flex e-con e-child\" data-id=\"28070c7\" data-element_type=\"container\">\n\t\t\t\t<div class=\"elementor-element elementor-element-311c079 elementor-widget__width-initial elementor-invisible elementor-widget elementor-widget-text-editor\" data-id=\"311c079\" data-element_type=\"widget\" data-settings=\"{&quot;_animation&quot;:&quot;fadeInLeft&quot;}\" data-widget_type=\"text-editor.default\">\n\t\t\t\t<div class=\"elementor-widget-container\">\n\t\t\t\t\t\t\t\t\t<p>Seu caminh\u00e3o com planejamento e sem juros.<\/p>\t\t\t\t\t\t\t\t<\/div>\n\t\t\t\t<\/div>\n\t\t\t\t<div class=\"elementor-element elementor-element-f53115b elementor-invisible elementor-widget elementor-widget-heading\" data-id=\"f53115b\" data-element_type=\"widget\" data-settings=\"{&quot;_animation_tablet&quot;:&quot;fadeInLeft&quot;,&quot;_animation&quot;:&quot;fadeInLeft&quot;,&quot;_animation_delay&quot;:1000}\" data-widget_type=\"heading.default\">\n\t\t\t\t<div class=\"elementor-widget-container\">\n\t\t\t\t\t<h2 class=\"elementor-heading-title elementor-size-default\">Ve\u00edculos Pesados: Caminh\u00f5es e Carretas<\/h2>\t\t\t\t<\/div>\n\t\t\t\t<\/div>\n\t\t\t\t<div class=\"elementor-element elementor-element-285c605 elementor-invisible elementor-widget elementor-widget-text-editor\" data-id=\"285c605\" data-element_type=\"widget\" data-settings=\"{&quot;_animation&quot;:&quot;fadeIn&quot;,&quot;_animation_delay&quot;:1100}\" data-widget_type=\"text-editor.default\">\n\t\t\t\t<div class=\"elementor-widget-container\">\n\t\t\t\t\t\t\t\t\t<p>O cons\u00f3rcio \u00e9 a escolha ideal para quem quer adquirir caminh\u00f5es ou carretas com economia e controle financeiro.<br data-start=\"448\" data-end=\"451\" \/>Com parcelas acess\u00edveis e sem entrada obrigat\u00f3ria, voc\u00ea investe no seu neg\u00f3cio de forma segura, sem depender de financiamentos com altas taxas.<\/p>\t\t\t\t\t\t\t\t<\/div>\n\t\t\t\t<\/div>\n\t\t\t\t<\/div>\n\t\t\t\t\t<\/div>\n\t\t\t\t<\/div>\n\t\t<div data-particle_enable=\"false\" data-particle-mobile-disabled=\"false\" class=\"elementor-element elementor-element-2a18f0a e-grid e-con-boxed e-con e-parent\" data-id=\"2a18f0a\" data-element_type=\"container\">\n\t\t\t\t\t<div class=\"e-con-inner\">\n\t\t<div data-particle_enable=\"false\" data-particle-mobile-disabled=\"false\" class=\"elementor-element elementor-element-036b81a e-con-full e-flex e-con e-child\" data-id=\"036b81a\" data-element_type=\"container\" data-settings=\"{&quot;animation&quot;:&quot;none&quot;,&quot;animation_delay&quot;:1000}\">\n\t\t<div data-particle_enable=\"false\" data-particle-mobile-disabled=\"false\" class=\"elementor-element elementor-element-79e858d e-con-full e-flex e-con e-child\" data-id=\"79e858d\" data-element_type=\"container\" data-settings=\"{&quot;background_background&quot;:&quot;classic&quot;}\">\n\t\t\t\t<\/div>\n\t\t\t\t<\/div>\n\t\t<div data-particle_enable=\"false\" data-particle-mobile-disabled=\"false\" class=\"elementor-element elementor-element-697dc9d e-con-full e-flex e-con e-child\" data-id=\"697dc9d\" data-element_type=\"container\">\n\t\t\t\t<div class=\"elementor-element elementor-element-4537fcd elementor-widget__width-initial elementor-invisible elementor-widget elementor-widget-text-editor\" data-id=\"4537fcd\" data-element_type=\"widget\" data-settings=\"{&quot;_animation&quot;:&quot;fadeInRight&quot;}\" data-widget_type=\"text-editor.default\">\n\t\t\t\t<div class=\"elementor-widget-container\">\n\t\t\t\t\t\t\t\t\t<p>Mais produtividade no campo come\u00e7a com planejamento.<\/p>\t\t\t\t\t\t\t\t<\/div>\n\t\t\t\t<\/div>\n\t\t\t\t<div class=\"elementor-element elementor-element-569c222 elementor-invisible elementor-widget elementor-widget-heading\" data-id=\"569c222\" data-element_type=\"widget\" data-settings=\"{&quot;_animation_tablet&quot;:&quot;fadeInLeft&quot;,&quot;_animation&quot;:&quot;fadeInRight&quot;,&quot;_animation_delay&quot;:1000}\" data-widget_type=\"heading.default\">\n\t\t\t\t<div class=\"elementor-widget-container\">\n\t\t\t\t\t<h2 class=\"elementor-heading-title elementor-size-default\">Ve\u00edculos extra pesados: Tratores, M\u00e1quinas Agr\u00edcolas, Retroescavadeiras e Colheitadeiras<\/h2>\t\t\t\t<\/div>\n\t\t\t\t<\/div>\n\t\t\t\t<div class=\"elementor-element elementor-element-04f7382 elementor-invisible elementor-widget elementor-widget-text-editor\" data-id=\"04f7382\" data-element_type=\"widget\" data-settings=\"{&quot;_animation&quot;:&quot;fadeIn&quot;,&quot;_animation_delay&quot;:1100}\" data-widget_type=\"text-editor.default\">\n\t\t\t\t<div class=\"elementor-widget-container\">\n\t\t\t\t\t\t\t\t\t<p data-start=\"769\" data-end=\"1095\">Com o cons\u00f3rcio, voc\u00ea conquista tratores, colheitadeiras, retroescavadeiras e outras m\u00e1quinas agr\u00edcolas sem juros, sem entrada e com flexibilidade no prazo.<br data-start=\"984\" data-end=\"987\" \/>Ideal para produtores rurais, empresas de terraplanagem ou empreendimentos que precisam crescer com solidez.<\/p><p data-start=\"1097\" data-end=\"1194\">\u00a0<\/p>\t\t\t\t\t\t\t\t<\/div>\n\t\t\t\t<\/div>\n\t\t\t\t<\/div>\n\t\t\t\t\t<\/div>\n\t\t\t\t<\/div>\n\t\t\t\t<\/div>\n\t\t","protected":false},"excerpt":{"rendered":"<p>Seu caminh\u00e3o com planejamento e sem juros. Ve\u00edculos Pesados: Caminh\u00f5es e Carretas O cons\u00f3rcio \u00e9 a escolha ideal para quem quer adquirir caminh\u00f5es ou carretas com economia e controle financeiro.Com parcelas acess\u00edveis e sem entrada obrigat\u00f3ria, voc\u00ea investe no seu neg\u00f3cio de forma segura, sem depender de financiamentos com altas taxas. Mais produtividade no campo [&hellip;]<\/p>\n","protected":false},"author":1,"featured_media":574,"parent":0,"menu_order":0,"comment_status":"closed","ping_status":"closed","template":"","meta":{"_joinchat":[],"footnotes":""},"class_list":["post-311","page","type-page","status-publish","has-post-thumbnail","hentry"],"yoast_head":"<!-- This site is optimized with the Yoast SEO plugin v25.2 - https:\/\/yoast.com\/wordpress\/plugins\/seo\/ -->\n<title>Ve\u00edculos pesados e Extra pesados - Sudeste Cons\u00f3rcios<\/title>\n<meta name=\"robots\" content=\"index, follow, max-snippet:-1, max-image-preview:large, max-video-preview:-1\" \/>\n<link rel=\"canonical\" href=\"https:\/\/sudesteconsorcios.com.br\/?page_id=311\" \/>\n<meta property=\"og:locale\" content=\"pt_BR\" \/>\n<meta property=\"og:type\" content=\"article\" \/>\n<meta property=\"og:title\" content=\"Ve\u00edculos pesados e Extra pesados - Sudeste Cons\u00f3rcios\" \/>\n<meta property=\"og:description\" content=\"Seu caminh\u00e3o com planejamento e sem juros. Ve\u00edculos Pesados: Caminh\u00f5es e Carretas O cons\u00f3rcio \u00e9 a escolha ideal para quem quer adquirir caminh\u00f5es ou carretas com economia e controle financeiro.Com parcelas acess\u00edveis e sem entrada obrigat\u00f3ria, voc\u00ea investe no seu neg\u00f3cio de forma segura, sem depender de financiamentos com altas taxas. Mais produtividade no campo [&hellip;]\" \/>\n<meta property=\"og:url\" content=\"https:\/\/sudesteconsorcios.com.br\/?page_id=311\" \/>\n<meta property=\"og:site_name\" content=\"Sudeste Cons\u00f3rcios\" \/>\n<meta property=\"article:modified_time\" content=\"2025-06-18T22:24:21+00:00\" \/>\n<meta property=\"og:image\" content=\"https:\/\/sudesteconsorcios.com.br\/wp-content\/uploads\/2025\/06\/eaec2fb5-f861-4395-8352-5739be61b38a-e1750171752444-1024x736.png\" \/>\n\t<meta property=\"og:image:width\" content=\"1024\" \/>\n\t<meta property=\"og:image:height\" content=\"736\" \/>\n\t<meta property=\"og:image:type\" content=\"image\/png\" \/>\n<meta name=\"twitter:card\" content=\"summary_large_image\" \/>\n<meta name=\"twitter:label1\" content=\"Est. tempo de leitura\" \/>\n\t<meta name=\"twitter:data1\" content=\"1 minuto\" \/>\n<script type=\"application\/ld+json\" class=\"yoast-schema-graph\">{\"@context\":\"https:\/\/schema.org\",\"@graph\":[{\"@type\":\"WebPage\",\"@id\":\"https:\/\/sudesteconsorcios.com.br\/?page_id=311\",\"url\":\"https:\/\/sudesteconsorcios.com.br\/?page_id=311\",\"name\":\"Ve\u00edculos pesados e Extra pesados - Sudeste Cons\u00f3rcios\",\"isPartOf\":{\"@id\":\"https:\/\/sudesteconsorcios.com.br\/#website\"},\"primaryImageOfPage\":{\"@id\":\"https:\/\/sudesteconsorcios.com.br\/?page_id=311#primaryimage\"},\"image\":{\"@id\":\"https:\/\/sudesteconsorcios.com.br\/?page_id=311#primaryimage\"},\"thumbnailUrl\":\"https:\/\/sudesteconsorcios.com.br\/wp-content\/uploads\/2025\/06\/eaec2fb5-f861-4395-8352-5739be61b38a-e1750171752444.png\",\"datePublished\":\"2025-06-11T02:26:55+00:00\",\"dateModified\":\"2025-06-18T22:24:21+00:00\",\"breadcrumb\":{\"@id\":\"https:\/\/sudesteconsorcios.com.br\/?page_id=311#breadcrumb\"},\"inLanguage\":\"pt-BR\",\"potentialAction\":[{\"@type\":\"ReadAction\",\"target\":[\"https:\/\/sudesteconsorcios.com.br\/?page_id=311\"]}]},{\"@type\":\"ImageObject\",\"inLanguage\":\"pt-BR\",\"@id\":\"https:\/\/sudesteconsorcios.com.br\/?page_id=311#primaryimage\",\"url\":\"https:\/\/sudesteconsorcios.com.br\/wp-content\/uploads\/2025\/06\/eaec2fb5-f861-4395-8352-5739be61b38a-e1750171752444.png\",\"contentUrl\":\"https:\/\/sudesteconsorcios.com.br\/wp-content\/uploads\/2025\/06\/eaec2fb5-f861-4395-8352-5739be61b38a-e1750171752444.png\",\"width\":2330,\"height\":1675},{\"@type\":\"BreadcrumbList\",\"@id\":\"https:\/\/sudesteconsorcios.com.br\/?page_id=311#breadcrumb\",\"itemListElement\":[{\"@type\":\"ListItem\",\"position\":1,\"name\":\"In\u00edcio\",\"item\":\"https:\/\/sudesteconsorcios.com.br\/\"},{\"@type\":\"ListItem\",\"position\":2,\"name\":\"Ve\u00edculos pesados e Extra pesados\"}]},{\"@type\":\"WebSite\",\"@id\":\"https:\/\/sudesteconsorcios.com.br\/#website\",\"url\":\"https:\/\/sudesteconsorcios.com.br\/\",\"name\":\"Sudeste Cons\u00f3rcios\",\"description\":\"\",\"publisher\":{\"@id\":\"https:\/\/sudesteconsorcios.com.br\/#organization\"},\"potentialAction\":[{\"@type\":\"SearchAction\",\"target\":{\"@type\":\"EntryPoint\",\"urlTemplate\":\"https:\/\/sudesteconsorcios.com.br\/?s={search_term_string}\"},\"query-input\":{\"@type\":\"PropertyValueSpecification\",\"valueRequired\":true,\"valueName\":\"search_term_string\"}}],\"inLanguage\":\"pt-BR\"},{\"@type\":\"Organization\",\"@id\":\"https:\/\/sudesteconsorcios.com.br\/#organization\",\"name\":\"Sudeste Cons\u00f3rcios\",\"url\":\"https:\/\/sudesteconsorcios.com.br\/\",\"logo\":{\"@type\":\"ImageObject\",\"inLanguage\":\"pt-BR\",\"@id\":\"https:\/\/sudesteconsorcios.com.br\/#\/schema\/logo\/image\/\",\"url\":\"https:\/\/sudesteconsorcios.com.br\/wp-content\/uploads\/2025\/06\/Logo-azul-e1750805899792.png\",\"contentUrl\":\"https:\/\/sudesteconsorcios.com.br\/wp-content\/uploads\/2025\/06\/Logo-azul-e1750805899792.png\",\"width\":1403,\"height\":727,\"caption\":\"Sudeste Cons\u00f3rcios\"},\"image\":{\"@id\":\"https:\/\/sudesteconsorcios.com.br\/#\/schema\/logo\/image\/\"}}]}<\/script>\n<!-- \/ Yoast SEO plugin. -->","yoast_head_json":{"title":"Ve\u00edculos pesados e Extra pesados - Sudeste Cons\u00f3rcios","robots":{"index":"index","follow":"follow","max-snippet":"max-snippet:-1","max-image-preview":"max-image-preview:large","max-video-preview":"max-video-preview:-1"},"canonical":"https:\/\/sudesteconsorcios.com.br\/?page_id=311","og_locale":"pt_BR","og_type":"article","og_title":"Ve\u00edculos pesados e Extra pesados - Sudeste Cons\u00f3rcios","og_description":"Seu caminh\u00e3o com planejamento e sem juros. Ve\u00edculos Pesados: Caminh\u00f5es e Carretas O cons\u00f3rcio \u00e9 a escolha ideal para quem quer adquirir caminh\u00f5es ou carretas com economia e controle financeiro.Com parcelas acess\u00edveis e sem entrada obrigat\u00f3ria, voc\u00ea investe no seu neg\u00f3cio de forma segura, sem depender de financiamentos com altas taxas. Mais produtividade no campo [&hellip;]","og_url":"https:\/\/sudesteconsorcios.com.br\/?page_id=311","og_site_name":"Sudeste Cons\u00f3rcios","article_modified_time":"2025-06-18T22:24:21+00:00","og_image":[{"width":1024,"height":736,"url":"https:\/\/sudesteconsorcios.com.br\/wp-content\/uploads\/2025\/06\/eaec2fb5-f861-4395-8352-5739be61b38a-e1750171752444-1024x736.png","type":"image\/png"}],"twitter_card":"summary_large_image","twitter_misc":{"Est. tempo de leitura":"1 minuto"},"schema":{"@context":"https:\/\/schema.org","@graph":[{"@type":"WebPage","@id":"https:\/\/sudesteconsorcios.com.br\/?page_id=311","url":"https:\/\/sudesteconsorcios.com.br\/?page_id=311","name":"Ve\u00edculos pesados e Extra pesados - Sudeste Cons\u00f3rcios","isPartOf":{"@id":"https:\/\/sudesteconsorcios.com.br\/#website"},"primaryImageOfPage":{"@id":"https:\/\/sudesteconsorcios.com.br\/?page_id=311#primaryimage"},"image":{"@id":"https:\/\/sudesteconsorcios.com.br\/?page_id=311#primaryimage"},"thumbnailUrl":"https:\/\/sudesteconsorcios.com.br\/wp-content\/uploads\/2025\/06\/eaec2fb5-f861-4395-8352-5739be61b38a-e1750171752444.png","datePublished":"2025-06-11T02:26:55+00:00","dateModified":"2025-06-18T22:24:21+00:00","breadcrumb":{"@id":"https:\/\/sudesteconsorcios.com.br\/?page_id=311#breadcrumb"},"inLanguage":"pt-BR","potentialAction":[{"@type":"ReadAction","target":["https:\/\/sudesteconsorcios.com.br\/?page_id=311"]}]},{"@type":"ImageObject","inLanguage":"pt-BR","@id":"https:\/\/sudesteconsorcios.com.br\/?page_id=311#primaryimage","url":"https:\/\/sudesteconsorcios.com.br\/wp-content\/uploads\/2025\/06\/eaec2fb5-f861-4395-8352-5739be61b38a-e1750171752444.png","contentUrl":"https:\/\/sudesteconsorcios.com.br\/wp-content\/uploads\/2025\/06\/eaec2fb5-f861-4395-8352-5739be61b38a-e1750171752444.png","width":2330,"height":1675},{"@type":"BreadcrumbList","@id":"https:\/\/sudesteconsorcios.com.br\/?page_id=311#breadcrumb","itemListElement":[{"@type":"ListItem","position":1,"name":"In\u00edcio","item":"https:\/\/sudesteconsorcios.com.br\/"},{"@type":"ListItem","position":2,"name":"Ve\u00edculos pesados e Extra pesados"}]},{"@type":"WebSite","@id":"https:\/\/sudesteconsorcios.com.br\/#website","url":"https:\/\/sudesteconsorcios.com.br\/","name":"Sudeste Cons\u00f3rcios","description":"","publisher":{"@id":"https:\/\/sudesteconsorcios.com.br\/#organization"},"potentialAction":[{"@type":"SearchAction","target":{"@type":"EntryPoint","urlTemplate":"https:\/\/sudesteconsorcios.com.br\/?s={search_term_string}"},"query-input":{"@type":"PropertyValueSpecification","valueRequired":true,"valueName":"search_term_string"}}],"inLanguage":"pt-BR"},{"@type":"Organization","@id":"https:\/\/sudesteconsorcios.com.br\/#organization","name":"Sudeste Cons\u00f3rcios","url":"https:\/\/sudesteconsorcios.com.br\/","logo":{"@type":"ImageObject","inLanguage":"pt-BR","@id":"https:\/\/sudesteconsorcios.com.br\/#\/schema\/logo\/image\/","url":"https:\/\/sudesteconsorcios.com.br\/wp-content\/uploads\/2025\/06\/Logo-azul-e1750805899792.png","contentUrl":"https:\/\/sudesteconsorcios.com.br\/wp-content\/uploads\/2025\/06\/Logo-azul-e1750805899792.png","width":1403,"height":727,"caption":"Sudeste Cons\u00f3rcios"},"image":{"@id":"https:\/\/sudesteconsorcios.com.br\/#\/schema\/logo\/image\/"}}]}},"_links":{"self":[{"href":"https:\/\/sudesteconsorcios.com.br\/index.php?rest_route=\/wp\/v2\/pages\/311","targetHints":{"allow":["GET"]}}],"collection":[{"href":"https:\/\/sudesteconsorcios.com.br\/index.php?rest_route=\/wp\/v2\/pages"}],"about":[{"href":"https:\/\/sudesteconsorcios.com.br\/index.php?rest_route=\/wp\/v2\/types\/page"}],"author":[{"embeddable":true,"href":"https:\/\/sudesteconsorcios.com.br\/index.php?rest_route=\/wp\/v2\/users\/1"}],"replies":[{"embeddable":true,"href":"https:\/\/sudesteconsorcios.com.br\/index.php?rest_route=%2Fwp%2Fv2%2Fcomments&post=311"}],"version-history":[{"count":25,"href":"https:\/\/sudesteconsorcios.com.br\/index.php?rest_route=\/wp\/v2\/pages\/311\/revisions"}],"predecessor-version":[{"id":737,"href":"https:\/\/sudesteconsorcios.com.br\/index.php?rest_route=\/wp\/v2\/pages\/311\/revisions\/737"}],"wp:featuredmedia":[{"embeddable":true,"href":"https:\/\/sudesteconsorcios.com.br\/index.php?rest_route=\/wp\/v2\/media\/574"}],"wp:attachment":[{"href":"https:\/\/sudesteconsorcios.com.br\/index.php?rest_route=%2Fwp%2Fv2%2Fmedia&parent=311"}],"curies":[{"name":"wp","href":"https:\/\/api.w.org\/{rel}","templated":true}]}}