{"id":303,"date":"2025-06-11T02:26:21","date_gmt":"2025-06-11T02:26:21","guid":{"rendered":"https:\/\/sudesteconsorcios.dominiotestedtc.com.br\/?page_id=303"},"modified":"2025-06-18T22:23:15","modified_gmt":"2025-06-18T22:23:15","slug":"automoveis-e-motocicletas","status":"publish","type":"page","link":"https:\/\/sudesteconsorcios.com.br\/?page_id=303","title":{"rendered":"Autom\u00f3veis e Motocicletas"},"content":{"rendered":"\t\t<div data-elementor-type=\"wp-page\" data-elementor-id=\"303\" class=\"elementor elementor-303\" data-elementor-post-type=\"page\">\n\t\t\t\t<div data-particle_enable=\"false\" data-particle-mobile-disabled=\"false\" class=\"elementor-element elementor-element-59309b9 e-grid e-con-boxed e-con e-parent\" data-id=\"59309b9\" data-element_type=\"container\">\n\t\t\t\t\t<div class=\"e-con-inner\">\n\t\t<div data-particle_enable=\"false\" data-particle-mobile-disabled=\"false\" class=\"elementor-element elementor-element-0b33883 e-con-full e-flex e-con e-child\" data-id=\"0b33883\" data-element_type=\"container\" data-settings=\"{&quot;animation&quot;:&quot;none&quot;,&quot;animation_delay&quot;:1000}\">\n\t\t<div data-particle_enable=\"false\" data-particle-mobile-disabled=\"false\" class=\"elementor-element elementor-element-2b4a129 e-con-full e-flex e-con e-child\" data-id=\"2b4a129\" data-element_type=\"container\" data-settings=\"{&quot;background_background&quot;:&quot;classic&quot;}\">\n\t\t\t\t<\/div>\n\t\t\t\t<\/div>\n\t\t<div data-particle_enable=\"false\" data-particle-mobile-disabled=\"false\" class=\"elementor-element elementor-element-70d8d22 e-con-full e-flex e-con e-child\" data-id=\"70d8d22\" data-element_type=\"container\">\n\t\t\t\t<div class=\"elementor-element elementor-element-311c079 elementor-widget__width-initial elementor-invisible elementor-widget elementor-widget-text-editor\" data-id=\"311c079\" data-element_type=\"widget\" data-settings=\"{&quot;_animation&quot;:&quot;fadeInLeft&quot;}\" data-widget_type=\"text-editor.default\">\n\t\t\t\t<div class=\"elementor-widget-container\">\n\t\t\t\t\t\t\t\t\t<p>Cons\u00f3rcio: o jeito inteligente de conquistar seu carro.<\/p>\t\t\t\t\t\t\t\t<\/div>\n\t\t\t\t<\/div>\n\t\t\t\t<div class=\"elementor-element elementor-element-f53115b elementor-invisible elementor-widget elementor-widget-heading\" data-id=\"f53115b\" data-element_type=\"widget\" data-settings=\"{&quot;_animation_tablet&quot;:&quot;fadeInLeft&quot;,&quot;_animation&quot;:&quot;fadeInLeft&quot;,&quot;_animation_delay&quot;:1000}\" data-widget_type=\"heading.default\">\n\t\t\t\t<div class=\"elementor-widget-container\">\n\t\t\t\t\t<h2 class=\"elementor-heading-title elementor-size-default\">Ve\u00edculos\u2013 Carros, Caminhonetes e SUVs<\/h2>\t\t\t\t<\/div>\n\t\t\t\t<\/div>\n\t\t\t\t<div class=\"elementor-element elementor-element-285c605 elementor-invisible elementor-widget elementor-widget-text-editor\" data-id=\"285c605\" data-element_type=\"widget\" data-settings=\"{&quot;_animation&quot;:&quot;fadeIn&quot;,&quot;_animation_delay&quot;:1100}\" data-widget_type=\"text-editor.default\">\n\t\t\t\t<div class=\"elementor-widget-container\">\n\t\t\t\t\t\t\t\t\t<p>Comprar um carro, caminhonete ou SUV por cons\u00f3rcio \u00e9 a op\u00e7\u00e3o ideal para quem quer fugir dos juros dos financiamentos. Com parcelas acess\u00edveis e sem entrada obrigat\u00f3ria, o cons\u00f3rcio permite que voc\u00ea planeje a compra do seu ve\u00edculo de forma segura, sem comprometer o or\u00e7amento.<br data-start=\"596\" data-end=\"599\" \/>\u00c9 liberdade de escolha, com economia e organiza\u00e7\u00e3o financeira.<\/p>\t\t\t\t\t\t\t\t<\/div>\n\t\t\t\t<\/div>\n\t\t\t\t<\/div>\n\t\t\t\t\t<\/div>\n\t\t\t\t<\/div>\n\t\t<div data-particle_enable=\"false\" data-particle-mobile-disabled=\"false\" class=\"elementor-element elementor-element-2a18f0a e-grid e-con-boxed e-con e-parent\" data-id=\"2a18f0a\" data-element_type=\"container\">\n\t\t\t\t\t<div class=\"e-con-inner\">\n\t\t<div data-particle_enable=\"false\" data-particle-mobile-disabled=\"false\" class=\"elementor-element elementor-element-036b81a e-con-full e-flex e-con e-child\" data-id=\"036b81a\" data-element_type=\"container\" data-settings=\"{&quot;animation&quot;:&quot;none&quot;,&quot;animation_delay&quot;:1000}\">\n\t\t<div data-particle_enable=\"false\" data-particle-mobile-disabled=\"false\" class=\"elementor-element elementor-element-7613f50 e-con-full e-flex e-con e-child\" data-id=\"7613f50\" data-element_type=\"container\" data-settings=\"{&quot;background_background&quot;:&quot;classic&quot;}\">\n\t\t\t\t<\/div>\n\t\t\t\t<\/div>\n\t\t<div data-particle_enable=\"false\" data-particle-mobile-disabled=\"false\" class=\"elementor-element elementor-element-b6b8142 e-con-full e-flex e-con e-child\" data-id=\"b6b8142\" data-element_type=\"container\" data-settings=\"{&quot;background_background&quot;:&quot;classic&quot;}\">\n\t\t\t\t<div class=\"elementor-element elementor-element-4537fcd elementor-widget__width-initial elementor-invisible elementor-widget elementor-widget-text-editor\" data-id=\"4537fcd\" data-element_type=\"widget\" data-settings=\"{&quot;_animation&quot;:&quot;fadeInRight&quot;}\" data-widget_type=\"text-editor.default\">\n\t\t\t\t<div class=\"elementor-widget-container\">\n\t\t\t\t\t\t\t\t\t<p>Sua primeira moto come\u00e7a com planejamento.<\/p>\t\t\t\t\t\t\t\t<\/div>\n\t\t\t\t<\/div>\n\t\t\t\t<div class=\"elementor-element elementor-element-569c222 elementor-invisible elementor-widget elementor-widget-heading\" data-id=\"569c222\" data-element_type=\"widget\" data-settings=\"{&quot;_animation_tablet&quot;:&quot;fadeInLeft&quot;,&quot;_animation&quot;:&quot;fadeInRight&quot;,&quot;_animation_delay&quot;:1000}\" data-widget_type=\"heading.default\">\n\t\t\t\t<div class=\"elementor-widget-container\">\n\t\t\t\t\t<h2 class=\"elementor-heading-title elementor-size-default\">Motocicletas \u2013 Pequenas cilindradas<\/h2>\t\t\t\t<\/div>\n\t\t\t\t<\/div>\n\t\t\t\t<div class=\"elementor-element elementor-element-04f7382 elementor-invisible elementor-widget elementor-widget-text-editor\" data-id=\"04f7382\" data-element_type=\"widget\" data-settings=\"{&quot;_animation&quot;:&quot;fadeIn&quot;,&quot;_animation_delay&quot;:1100}\" data-widget_type=\"text-editor.default\">\n\t\t\t\t<div class=\"elementor-widget-container\">\n\t\t\t\t\t\t\t\t\t<p>Se voc\u00ea quer entrar no mundo das duas rodas com seguran\u00e7a financeira, o cons\u00f3rcio \u00e9 o caminho. Com parcelas acess\u00edveis e sem juros, \u00e9 poss\u00edvel adquirir motos de pequenas cilindradas sem apertar o bolso \u2014 ideal para deslocamentos urbanos, entregas ou independ\u00eancia no dia a dia.<\/p>\t\t\t\t\t\t\t\t<\/div>\n\t\t\t\t<\/div>\n\t\t\t\t<\/div>\n\t\t\t\t\t<\/div>\n\t\t\t\t<\/div>\n\t\t<div data-particle_enable=\"false\" data-particle-mobile-disabled=\"false\" class=\"elementor-element elementor-element-9b9f652 e-grid e-con-boxed e-con e-parent\" data-id=\"9b9f652\" data-element_type=\"container\">\n\t\t\t\t\t<div class=\"e-con-inner\">\n\t\t<div data-particle_enable=\"false\" data-particle-mobile-disabled=\"false\" class=\"elementor-element elementor-element-4b052f7 e-con-full e-flex e-con e-child\" data-id=\"4b052f7\" data-element_type=\"container\" data-settings=\"{&quot;animation&quot;:&quot;none&quot;,&quot;animation_delay&quot;:1000}\">\n\t\t<div data-particle_enable=\"false\" data-particle-mobile-disabled=\"false\" class=\"elementor-element elementor-element-e9abe09 e-con-full e-flex e-con e-child\" data-id=\"e9abe09\" data-element_type=\"container\" data-settings=\"{&quot;background_background&quot;:&quot;classic&quot;}\">\n\t\t\t\t<\/div>\n\t\t\t\t<\/div>\n\t\t<div data-particle_enable=\"false\" data-particle-mobile-disabled=\"false\" class=\"elementor-element elementor-element-8e8c52b e-con-full e-flex e-con e-child\" data-id=\"8e8c52b\" data-element_type=\"container\">\n\t\t\t\t<div class=\"elementor-element elementor-element-7f1b8f5 elementor-widget__width-initial elementor-invisible elementor-widget elementor-widget-text-editor\" data-id=\"7f1b8f5\" data-element_type=\"widget\" data-settings=\"{&quot;_animation&quot;:&quot;fadeInLeft&quot;}\" data-widget_type=\"text-editor.default\">\n\t\t\t\t<div class=\"elementor-widget-container\">\n\t\t\t\t\t\t\t\t\t<p>Adrenalina com responsabilidade financeira.<\/p>\t\t\t\t\t\t\t\t<\/div>\n\t\t\t\t<\/div>\n\t\t\t\t<div class=\"elementor-element elementor-element-407664e elementor-invisible elementor-widget elementor-widget-heading\" data-id=\"407664e\" data-element_type=\"widget\" data-settings=\"{&quot;_animation_tablet&quot;:&quot;fadeInLeft&quot;,&quot;_animation&quot;:&quot;fadeInLeft&quot;,&quot;_animation_delay&quot;:1000}\" data-widget_type=\"heading.default\">\n\t\t\t\t<div class=\"elementor-widget-container\">\n\t\t\t\t\t<h2 class=\"elementor-heading-title elementor-size-default\">Motocicletas \u2013 Motos de trilha<\/h2>\t\t\t\t<\/div>\n\t\t\t\t<\/div>\n\t\t\t\t<div class=\"elementor-element elementor-element-9f7b4f4 elementor-invisible elementor-widget elementor-widget-text-editor\" data-id=\"9f7b4f4\" data-element_type=\"widget\" data-settings=\"{&quot;_animation&quot;:&quot;fadeIn&quot;,&quot;_animation_delay&quot;:1100}\" data-widget_type=\"text-editor.default\">\n\t\t\t\t<div class=\"elementor-widget-container\">\n\t\t\t\t\t\t\t\t\t<p>Para os apaixonados por aventura e off-road, o cons\u00f3rcio de motos de trilha oferece uma forma econ\u00f4mica de realizar esse sonho. Sem juros e com planejamento, voc\u00ea adquire sua moto com tranquilidade, podendo usar lances para antecipar sua contempla\u00e7\u00e3o e acelerar sua conquista.<\/p>\t\t\t\t\t\t\t\t<\/div>\n\t\t\t\t<\/div>\n\t\t\t\t<\/div>\n\t\t\t\t\t<\/div>\n\t\t\t\t<\/div>\n\t\t<div data-particle_enable=\"false\" data-particle-mobile-disabled=\"false\" class=\"elementor-element elementor-element-65d5a26 e-grid e-con-boxed e-con e-parent\" data-id=\"65d5a26\" data-element_type=\"container\">\n\t\t\t\t\t<div class=\"e-con-inner\">\n\t\t<div data-particle_enable=\"false\" data-particle-mobile-disabled=\"false\" class=\"elementor-element elementor-element-c8692c9 e-con-full e-flex e-con e-child\" data-id=\"c8692c9\" data-element_type=\"container\" data-settings=\"{&quot;animation&quot;:&quot;none&quot;,&quot;animation_delay&quot;:1000}\">\n\t\t<div data-particle_enable=\"false\" data-particle-mobile-disabled=\"false\" class=\"elementor-element elementor-element-3747a55 e-con-full e-flex e-con e-child\" data-id=\"3747a55\" data-element_type=\"container\" data-settings=\"{&quot;background_background&quot;:&quot;classic&quot;}\">\n\t\t\t\t<\/div>\n\t\t\t\t<\/div>\n\t\t<div data-particle_enable=\"false\" data-particle-mobile-disabled=\"false\" class=\"elementor-element elementor-element-e57819f e-con-full e-flex e-con e-child\" data-id=\"e57819f\" data-element_type=\"container\" data-settings=\"{&quot;background_background&quot;:&quot;classic&quot;}\">\n\t\t\t\t<div class=\"elementor-element elementor-element-aa29e20 elementor-widget__width-initial elementor-invisible elementor-widget elementor-widget-text-editor\" data-id=\"aa29e20\" data-element_type=\"widget\" data-settings=\"{&quot;_animation&quot;:&quot;fadeInRight&quot;}\" data-widget_type=\"text-editor.default\">\n\t\t\t\t<div class=\"elementor-widget-container\">\n\t\t\t\t\t\t\t\t\t<p>Alta performance exige alto planejamento.<\/p>\t\t\t\t\t\t\t\t<\/div>\n\t\t\t\t<\/div>\n\t\t\t\t<div class=\"elementor-element elementor-element-7b3e423 elementor-invisible elementor-widget elementor-widget-heading\" data-id=\"7b3e423\" data-element_type=\"widget\" data-settings=\"{&quot;_animation_tablet&quot;:&quot;fadeInLeft&quot;,&quot;_animation&quot;:&quot;fadeInRight&quot;,&quot;_animation_delay&quot;:1000}\" data-widget_type=\"heading.default\">\n\t\t\t\t<div class=\"elementor-widget-container\">\n\t\t\t\t\t<h2 class=\"elementor-heading-title elementor-size-default\">Motocicletas \u2013 Motos de alta cilindrada<\/h2>\t\t\t\t<\/div>\n\t\t\t\t<\/div>\n\t\t\t\t<div class=\"elementor-element elementor-element-6058ed6 elementor-invisible elementor-widget elementor-widget-text-editor\" data-id=\"6058ed6\" data-element_type=\"widget\" data-settings=\"{&quot;_animation&quot;:&quot;fadeIn&quot;,&quot;_animation_delay&quot;:1100}\" data-widget_type=\"text-editor.default\">\n\t\t\t\t<div class=\"elementor-widget-container\">\n\t\t\t\t\t\t\t\t\t<p data-start=\"1478\" data-end=\"1802\">Motos de alta cilindrada representam estilo, pot\u00eancia e liberdade. E o cons\u00f3rcio \u00e9 a escolha certa para quem quer realizar esse desejo com intelig\u00eancia financeira. Sem entrada, sem juros e com possibilidade de antecipa\u00e7\u00e3o, voc\u00ea garante sua m\u00e1quina com equil\u00edbrio e estrat\u00e9gia.<\/p>\t\t\t\t\t\t\t\t<\/div>\n\t\t\t\t<\/div>\n\t\t\t\t<\/div>\n\t\t\t\t\t<\/div>\n\t\t\t\t<\/div>\n\t\t\t\t<\/div>\n\t\t","protected":false},"excerpt":{"rendered":"<p>Cons\u00f3rcio: o jeito inteligente de conquistar seu carro. Ve\u00edculos\u2013 Carros, Caminhonetes e SUVs Comprar um carro, caminhonete ou SUV por cons\u00f3rcio \u00e9 a op\u00e7\u00e3o ideal para quem quer fugir dos juros dos financiamentos. Com parcelas acess\u00edveis e sem entrada obrigat\u00f3ria, o cons\u00f3rcio permite que voc\u00ea planeje a compra do seu ve\u00edculo de forma segura, sem [&hellip;]<\/p>\n","protected":false},"author":1,"featured_media":455,"parent":0,"menu_order":0,"comment_status":"closed","ping_status":"closed","template":"","meta":{"_joinchat":[],"footnotes":""},"class_list":["post-303","page","type-page","status-publish","has-post-thumbnail","hentry"],"yoast_head":"<!-- This site is optimized with the Yoast SEO plugin v25.2 - https:\/\/yoast.com\/wordpress\/plugins\/seo\/ -->\n<title>Autom\u00f3veis e Motocicletas - Sudeste Cons\u00f3rcios<\/title>\n<meta name=\"robots\" content=\"index, follow, max-snippet:-1, max-image-preview:large, max-video-preview:-1\" \/>\n<link rel=\"canonical\" href=\"https:\/\/sudesteconsorcios.com.br\/?page_id=303\" \/>\n<meta property=\"og:locale\" content=\"pt_BR\" \/>\n<meta property=\"og:type\" content=\"article\" \/>\n<meta property=\"og:title\" content=\"Autom\u00f3veis e Motocicletas - Sudeste Cons\u00f3rcios\" \/>\n<meta property=\"og:description\" content=\"Cons\u00f3rcio: o jeito inteligente de conquistar seu carro. Ve\u00edculos\u2013 Carros, Caminhonetes e SUVs Comprar um carro, caminhonete ou SUV por cons\u00f3rcio \u00e9 a op\u00e7\u00e3o ideal para quem quer fugir dos juros dos financiamentos. Com parcelas acess\u00edveis e sem entrada obrigat\u00f3ria, o cons\u00f3rcio permite que voc\u00ea planeje a compra do seu ve\u00edculo de forma segura, sem [&hellip;]\" \/>\n<meta property=\"og:url\" content=\"https:\/\/sudesteconsorcios.com.br\/?page_id=303\" \/>\n<meta property=\"og:site_name\" content=\"Sudeste Cons\u00f3rcios\" \/>\n<meta property=\"article:modified_time\" content=\"2025-06-18T22:23:15+00:00\" \/>\n<meta property=\"og:image\" content=\"https:\/\/sudesteconsorcios.com.br\/wp-content\/uploads\/2025\/06\/1G83h20H7E7HHSf5aSnh-scaled.png\" \/>\n\t<meta property=\"og:image:width\" content=\"2560\" \/>\n\t<meta property=\"og:image:height\" content=\"1762\" \/>\n\t<meta property=\"og:image:type\" content=\"image\/png\" \/>\n<meta name=\"twitter:card\" content=\"summary_large_image\" \/>\n<meta name=\"twitter:label1\" content=\"Est. tempo de leitura\" \/>\n\t<meta name=\"twitter:data1\" content=\"2 minutos\" \/>\n<script type=\"application\/ld+json\" class=\"yoast-schema-graph\">{\"@context\":\"https:\/\/schema.org\",\"@graph\":[{\"@type\":\"WebPage\",\"@id\":\"https:\/\/sudesteconsorcios.com.br\/?page_id=303\",\"url\":\"https:\/\/sudesteconsorcios.com.br\/?page_id=303\",\"name\":\"Autom\u00f3veis e Motocicletas - Sudeste Cons\u00f3rcios\",\"isPartOf\":{\"@id\":\"https:\/\/sudesteconsorcios.com.br\/#website\"},\"primaryImageOfPage\":{\"@id\":\"https:\/\/sudesteconsorcios.com.br\/?page_id=303#primaryimage\"},\"image\":{\"@id\":\"https:\/\/sudesteconsorcios.com.br\/?page_id=303#primaryimage\"},\"thumbnailUrl\":\"https:\/\/sudesteconsorcios.com.br\/wp-content\/uploads\/2025\/06\/1G83h20H7E7HHSf5aSnh-scaled.png\",\"datePublished\":\"2025-06-11T02:26:21+00:00\",\"dateModified\":\"2025-06-18T22:23:15+00:00\",\"breadcrumb\":{\"@id\":\"https:\/\/sudesteconsorcios.com.br\/?page_id=303#breadcrumb\"},\"inLanguage\":\"pt-BR\",\"potentialAction\":[{\"@type\":\"ReadAction\",\"target\":[\"https:\/\/sudesteconsorcios.com.br\/?page_id=303\"]}]},{\"@type\":\"ImageObject\",\"inLanguage\":\"pt-BR\",\"@id\":\"https:\/\/sudesteconsorcios.com.br\/?page_id=303#primaryimage\",\"url\":\"https:\/\/sudesteconsorcios.com.br\/wp-content\/uploads\/2025\/06\/1G83h20H7E7HHSf5aSnh-scaled.png\",\"contentUrl\":\"https:\/\/sudesteconsorcios.com.br\/wp-content\/uploads\/2025\/06\/1G83h20H7E7HHSf5aSnh-scaled.png\",\"width\":2560,\"height\":1762},{\"@type\":\"BreadcrumbList\",\"@id\":\"https:\/\/sudesteconsorcios.com.br\/?page_id=303#breadcrumb\",\"itemListElement\":[{\"@type\":\"ListItem\",\"position\":1,\"name\":\"In\u00edcio\",\"item\":\"https:\/\/sudesteconsorcios.com.br\/\"},{\"@type\":\"ListItem\",\"position\":2,\"name\":\"Autom\u00f3veis e Motocicletas\"}]},{\"@type\":\"WebSite\",\"@id\":\"https:\/\/sudesteconsorcios.com.br\/#website\",\"url\":\"https:\/\/sudesteconsorcios.com.br\/\",\"name\":\"Sudeste Cons\u00f3rcios\",\"description\":\"\",\"publisher\":{\"@id\":\"https:\/\/sudesteconsorcios.com.br\/#organization\"},\"potentialAction\":[{\"@type\":\"SearchAction\",\"target\":{\"@type\":\"EntryPoint\",\"urlTemplate\":\"https:\/\/sudesteconsorcios.com.br\/?s={search_term_string}\"},\"query-input\":{\"@type\":\"PropertyValueSpecification\",\"valueRequired\":true,\"valueName\":\"search_term_string\"}}],\"inLanguage\":\"pt-BR\"},{\"@type\":\"Organization\",\"@id\":\"https:\/\/sudesteconsorcios.com.br\/#organization\",\"name\":\"Sudeste Cons\u00f3rcios\",\"url\":\"https:\/\/sudesteconsorcios.com.br\/\",\"logo\":{\"@type\":\"ImageObject\",\"inLanguage\":\"pt-BR\",\"@id\":\"https:\/\/sudesteconsorcios.com.br\/#\/schema\/logo\/image\/\",\"url\":\"https:\/\/sudesteconsorcios.com.br\/wp-content\/uploads\/2025\/06\/Logo-azul-e1750805899792.png\",\"contentUrl\":\"https:\/\/sudesteconsorcios.com.br\/wp-content\/uploads\/2025\/06\/Logo-azul-e1750805899792.png\",\"width\":1403,\"height\":727,\"caption\":\"Sudeste Cons\u00f3rcios\"},\"image\":{\"@id\":\"https:\/\/sudesteconsorcios.com.br\/#\/schema\/logo\/image\/\"}}]}<\/script>\n<!-- \/ Yoast SEO plugin. -->","yoast_head_json":{"title":"Autom\u00f3veis e Motocicletas - Sudeste Cons\u00f3rcios","robots":{"index":"index","follow":"follow","max-snippet":"max-snippet:-1","max-image-preview":"max-image-preview:large","max-video-preview":"max-video-preview:-1"},"canonical":"https:\/\/sudesteconsorcios.com.br\/?page_id=303","og_locale":"pt_BR","og_type":"article","og_title":"Autom\u00f3veis e Motocicletas - Sudeste Cons\u00f3rcios","og_description":"Cons\u00f3rcio: o jeito inteligente de conquistar seu carro. Ve\u00edculos\u2013 Carros, Caminhonetes e SUVs Comprar um carro, caminhonete ou SUV por cons\u00f3rcio \u00e9 a op\u00e7\u00e3o ideal para quem quer fugir dos juros dos financiamentos. Com parcelas acess\u00edveis e sem entrada obrigat\u00f3ria, o cons\u00f3rcio permite que voc\u00ea planeje a compra do seu ve\u00edculo de forma segura, sem [&hellip;]","og_url":"https:\/\/sudesteconsorcios.com.br\/?page_id=303","og_site_name":"Sudeste Cons\u00f3rcios","article_modified_time":"2025-06-18T22:23:15+00:00","og_image":[{"width":2560,"height":1762,"url":"https:\/\/sudesteconsorcios.com.br\/wp-content\/uploads\/2025\/06\/1G83h20H7E7HHSf5aSnh-scaled.png","type":"image\/png"}],"twitter_card":"summary_large_image","twitter_misc":{"Est. tempo de leitura":"2 minutos"},"schema":{"@context":"https:\/\/schema.org","@graph":[{"@type":"WebPage","@id":"https:\/\/sudesteconsorcios.com.br\/?page_id=303","url":"https:\/\/sudesteconsorcios.com.br\/?page_id=303","name":"Autom\u00f3veis e Motocicletas - Sudeste Cons\u00f3rcios","isPartOf":{"@id":"https:\/\/sudesteconsorcios.com.br\/#website"},"primaryImageOfPage":{"@id":"https:\/\/sudesteconsorcios.com.br\/?page_id=303#primaryimage"},"image":{"@id":"https:\/\/sudesteconsorcios.com.br\/?page_id=303#primaryimage"},"thumbnailUrl":"https:\/\/sudesteconsorcios.com.br\/wp-content\/uploads\/2025\/06\/1G83h20H7E7HHSf5aSnh-scaled.png","datePublished":"2025-06-11T02:26:21+00:00","dateModified":"2025-06-18T22:23:15+00:00","breadcrumb":{"@id":"https:\/\/sudesteconsorcios.com.br\/?page_id=303#breadcrumb"},"inLanguage":"pt-BR","potentialAction":[{"@type":"ReadAction","target":["https:\/\/sudesteconsorcios.com.br\/?page_id=303"]}]},{"@type":"ImageObject","inLanguage":"pt-BR","@id":"https:\/\/sudesteconsorcios.com.br\/?page_id=303#primaryimage","url":"https:\/\/sudesteconsorcios.com.br\/wp-content\/uploads\/2025\/06\/1G83h20H7E7HHSf5aSnh-scaled.png","contentUrl":"https:\/\/sudesteconsorcios.com.br\/wp-content\/uploads\/2025\/06\/1G83h20H7E7HHSf5aSnh-scaled.png","width":2560,"height":1762},{"@type":"BreadcrumbList","@id":"https:\/\/sudesteconsorcios.com.br\/?page_id=303#breadcrumb","itemListElement":[{"@type":"ListItem","position":1,"name":"In\u00edcio","item":"https:\/\/sudesteconsorcios.com.br\/"},{"@type":"ListItem","position":2,"name":"Autom\u00f3veis e Motocicletas"}]},{"@type":"WebSite","@id":"https:\/\/sudesteconsorcios.com.br\/#website","url":"https:\/\/sudesteconsorcios.com.br\/","name":"Sudeste Cons\u00f3rcios","description":"","publisher":{"@id":"https:\/\/sudesteconsorcios.com.br\/#organization"},"potentialAction":[{"@type":"SearchAction","target":{"@type":"EntryPoint","urlTemplate":"https:\/\/sudesteconsorcios.com.br\/?s={search_term_string}"},"query-input":{"@type":"PropertyValueSpecification","valueRequired":true,"valueName":"search_term_string"}}],"inLanguage":"pt-BR"},{"@type":"Organization","@id":"https:\/\/sudesteconsorcios.com.br\/#organization","name":"Sudeste Cons\u00f3rcios","url":"https:\/\/sudesteconsorcios.com.br\/","logo":{"@type":"ImageObject","inLanguage":"pt-BR","@id":"https:\/\/sudesteconsorcios.com.br\/#\/schema\/logo\/image\/","url":"https:\/\/sudesteconsorcios.com.br\/wp-content\/uploads\/2025\/06\/Logo-azul-e1750805899792.png","contentUrl":"https:\/\/sudesteconsorcios.com.br\/wp-content\/uploads\/2025\/06\/Logo-azul-e1750805899792.png","width":1403,"height":727,"caption":"Sudeste Cons\u00f3rcios"},"image":{"@id":"https:\/\/sudesteconsorcios.com.br\/#\/schema\/logo\/image\/"}}]}},"_links":{"self":[{"href":"https:\/\/sudesteconsorcios.com.br\/index.php?rest_route=\/wp\/v2\/pages\/303","targetHints":{"allow":["GET"]}}],"collection":[{"href":"https:\/\/sudesteconsorcios.com.br\/index.php?rest_route=\/wp\/v2\/pages"}],"about":[{"href":"https:\/\/sudesteconsorcios.com.br\/index.php?rest_route=\/wp\/v2\/types\/page"}],"author":[{"embeddable":true,"href":"https:\/\/sudesteconsorcios.com.br\/index.php?rest_route=\/wp\/v2\/users\/1"}],"replies":[{"embeddable":true,"href":"https:\/\/sudesteconsorcios.com.br\/index.php?rest_route=%2Fwp%2Fv2%2Fcomments&post=303"}],"version-history":[{"count":28,"href":"https:\/\/sudesteconsorcios.com.br\/index.php?rest_route=\/wp\/v2\/pages\/303\/revisions"}],"predecessor-version":[{"id":734,"href":"https:\/\/sudesteconsorcios.com.br\/index.php?rest_route=\/wp\/v2\/pages\/303\/revisions\/734"}],"wp:featuredmedia":[{"embeddable":true,"href":"https:\/\/sudesteconsorcios.com.br\/index.php?rest_route=\/wp\/v2\/media\/455"}],"wp:attachment":[{"href":"https:\/\/sudesteconsorcios.com.br\/index.php?rest_route=%2Fwp%2Fv2%2Fmedia&parent=303"}],"curies":[{"name":"wp","href":"https:\/\/api.w.org\/{rel}","templated":true}]}}